{"id":2209,"date":"2019-03-30T18:04:18","date_gmt":"2019-03-30T18:04:18","guid":{"rendered":"https:\/\/aktirooms.com\/double-bedroom-apartment\/"},"modified":"2025-01-08T07:08:42","modified_gmt":"2025-01-08T07:08:42","slug":"double-bedroom-apartment","status":"publish","type":"page","link":"https:\/\/aktirooms.com\/fr\/double-bedroom-apartment\/","title":{"rendered":"Appartement de deux chambres"},"content":{"rendered":"<p>[vc_row][vc_column][vc_custom_heading text=&#8221;Appartement de deux chambres&#8221; font_container=&#8221;tag:h2|font_size:60|text_align:center&#8221;][vc_separator el_width=&#8221;50&#8243;][vc_row_inner][vc_column_inner width=&#8221;1\/12&#8243;][\/vc_column_inner][vc_column_inner width=&#8221;10\/12&#8243;][vc_column_text]<strong>L&#8217;appartement de deux chambres<\/strong> au rez-de-chauss\u00e9e comprend deux chambres s\u00e9par\u00e9es, l&#8217;une avec un lit double et l&#8217;autre avec deux lits simples, un salon et une cuisine enti\u00e8rement \u00e9quip\u00e9e. Il dispose d&#8217;une salle de bains avec douche et d&#8217;une grande terrasse.[\/vc_column_text][\/vc_column_inner][vc_column_inner width=&#8221;1\/12&#8243;][\/vc_column_inner][\/vc_row_inner][vc_empty_space height=&#8221;25px&#8221;][\/vc_column][\/vc_row][vc_row][vc_column width=&#8221;2\/3&#8243;][vc_custom_heading text=&#8221;Galerie&#8221; font_container=&#8221;tag:h3|text_align:left&#8221;][vc_separator align=&#8221;align_left&#8221; el_width=&#8221;30&#8243;][vc_gallery type=&#8221;nivo&#8221; interval=&#8221;3&#8243; images=&#8221;1806,1804,1802,1800,1798,1796,1794,1792,1790,1788,1786,1784&#8243; img_size=&#8221;750&#215;460&#8243; onclick=&#8221;&#8221;][\/vc_column][vc_column width=&#8221;1\/3&#8243;][vc_custom_heading text=&#8221;D\u00e9tails de la chambre&#8221;][vc_separator align=&#8221;align_left&#8221; el_width=&#8221;50&#8243;][vc_column_text]<\/p>\n<div class=\"wpb_text_column wpb_content_element vc_custom_1553967018929\">\n<div class=\"wpb_wrapper\">\n<p style=\"font-size: 18px;\"><i class=\"fa fa-male\"><\/i>Adultes: <strong>2-4<\/strong><strong><br \/>\n<\/strong><\/p>\n<p style=\"font-size: 18px;\"><i class=\"fa fa-child\"><\/i> Enfants: <strong>1-2 (\u00e0 la demande)<\/strong><strong><br \/>\n<\/strong><\/p>\n<p style=\"font-size: 18px;\"><i class=\"fa fa-bed\"><\/i>Nombre de couchages : <strong>1 lit double \/ 2 lits suppl\u00e9mentaires<\/strong><i class=\"fa fa-eur\"><\/i><\/p>\n<p style=\"font-size: 18px;\"><i class=\"fa fa-credit-card\" aria-hidden=\"true\"><\/i> Carte de cr\u00e9dit: <strong>Accept\u00e9<\/strong><\/p>\n<\/div>\n<\/div>\n<p>[\/vc_column_text][vc_column_text]Dans le studio au premier \u00e9tage peut \u00eatre am\u00e9nag\u00e9 sur demande et un lit suppl\u00e9mentaire avec suppl\u00e9ment 5 \u20ac \/ jour.<\/p>\n<p><i class=\"fa fa-info-circle\" aria-hidden=\"true\"><\/i>Taxe de r\u00e9silience climatique <strong>2\u20ac par nuit<\/strong><\/p>\n<p><i class=\"fa fa-info-circle\" aria-hidden=\"true\"><\/i>Langues de communication: <strong>grec, anglais<\/strong><i class=\"fa fa-info-circle\" aria-hidden=\"true\"><\/i><\/p>\n<p><i class=\"fa fa-info-circle\" aria-hidden=\"true\"><\/i>Animaux : <strong>Petits animaux sur rendez-vous<\/strong>[\/vc_column_text][\/vc_column][\/vc_row][vc_row][vc_column width=&#8221;2\/3&#8243;][vc_custom_heading text=&#8221;Installations et services&#8221;][vc_separator align=&#8221;align_left&#8221; el_width=&#8221;30&#8243;][vc_row_inner][vc_column_inner width=&#8221;1\/2&#8243;][vc_column_text]<\/p>\n<p style=\"font-size: 18px; line-height: 27px;\"><i class=\"fa fa-check\"><\/i> Climatisation<br \/>\n<i class=\"fa fa-check\"><\/i> Lit b\u00e9b\u00e9<br \/>\n<i class=\"fa fa-check\"><\/i> Vue de la mer<br \/>\n<i class=\"fa fa-check\"><\/i> Salle de bain avec douche<br \/>\n<i class=\"fa fa-check\"><\/i> Changement des serviettes et des draps deux fois par semaine<br \/>\n<i class=\"fa fa-check\"><\/i> Kitchenette<br \/>\n<i class=\"fa fa-check\"><\/i> Couverts et Ustensiles<br \/>\n<i class=\"fa fa-check\"><\/i> Table \u00e0 dinner<br \/>\n<i class=\"fa fa-check\"><\/i> Double vitrage<\/p>\n<p>[\/vc_column_text][\/vc_column_inner][vc_column_inner width=&#8221;1\/2&#8243;][vc_column_text]<\/p>\n<p style=\"font-size: 18px; line-height: 27px;\"><i class=\"fa fa-check\"><\/i> Presse-citron<br \/>\n<i class=\"fa fa-check\"><\/i> Lits suppl\u00e9mentaires<br \/>\n<i class=\"fa fa-check\"><\/i> Internet Wi-Fi<br \/>\n<i class=\"fa fa-check\"><\/i> Accueil avec raki et douceurs cr\u00e9toises<br \/>\n<i class=\"fa fa-check\"><\/i> R\u00e9frig\u00e9rateur<br \/>\n<i class=\"fa fa-check\"><\/i> Balcon ou terrasse priv\u00e9<br \/>\n<i class=\"fa fa-check\"><\/i> Armoire spacieuse<br \/>\n<i class=\"fa fa-check\"><\/i> S\u00e8che-cheveux (sur demande)<br \/>\n<i class=\"fa fa-check\"><\/i> Un ensemble de chaises longues et de parasols est gratuit pour les clients de l&#8217;h\u00f4tel<\/p>\n<p>[\/vc_column_text][\/vc_column_inner][\/vc_row_inner][\/vc_column][vc_column width=&#8221;1\/3&#8243;][vc_custom_heading text=&#8221;Installations&#8221;][vc_separator align=&#8221;align_left&#8221; el_width=&#8221;50&#8243;][vc_column_text]<\/p>\n<p style=\"font-size: 18px; line-height: 27px;\"><i class=\"fa fa-check\"><\/i> Vue de la mer<br \/>\n<i class=\"fa fa-check\"><\/i> Marchez jusqu&#8217;au restaurant le plus proche (\u00e0 l&#8217;ext\u00e9rieur de l&#8217;h\u00f4tel)<br \/>\n<i class=\"fa fa-check\"><\/i> Des serviettes et des draps sont fournis<br \/>\n<i class=\"fa fa-check\"><\/i> Parking priv\u00e9<br \/>\n<i class=\"fa fa-check\"><\/i> Service de blanchisserie et de repassage<br \/>\n<i class=\"fa fa-check\"><\/i> Jardin<br \/>\n<i class=\"fa fa-check\"><\/i> Enregistrement\/d\u00e9part express<br \/>\n<i class=\"fa fa-check\"><\/i> Internet Wi-Fi<br \/>\n<i class=\"fa fa-check\"><\/i> Animaux de compagnie Accueil sur rendez-vous<br \/>\n<i class=\"fa fa-check\"><\/i> Plage<\/p>\n<p>[\/vc_column_text][vc_widget_sidebar][\/vc_column][\/vc_row][vc_row][vc_column width=&#8221;2\/3&#8243;][vc_custom_heading text=&#8221;Hotel Information&#8221;][vc_separator align=&#8221;align_left&#8221; el_width=&#8221;30&#8243;][vc_row_inner][vc_column_inner width=&#8221;1\/3&#8243;][vc_column_text]<i class=\"fa fa-check\"><\/i>Typologie: <strong>Appartements &#8211; Studios<\/strong>[\/vc_column_text][\/vc_column_inner][vc_column_inner width=&#8221;1\/3&#8243;][vc_column_text]<i class=\"fa fa-check\"><\/i>Chambres: <strong>12<\/strong>[\/vc_column_text][\/vc_column_inner][vc_column_inner width=&#8221;1\/3&#8243;][vc_column_text]<i class=\"fa fa-check\"><\/i>Piscine: <strong>Non disponible<\/strong>[\/vc_column_text][\/vc_column_inner][\/vc_row_inner][vc_row_inner][vc_column_inner width=&#8221;1\/3&#8243;][vc_column_text]<i class=\"fa fa-check\"><\/i>Les gars: <strong>Bienvenue<\/strong>[\/vc_column_text][\/vc_column_inner][vc_column_inner width=&#8221;1\/3&#8243;][vc_column_text]<i class=\"fa fa-check\"><\/i>Ouvert: <strong>mai \u00e0 octobre<\/strong>[\/vc_column_text][\/vc_column_inner][vc_column_inner width=&#8221;1\/3&#8243;][vc_column_text]<i class=\"fa fa-check\"><\/i>Acc\u00e8s handicap\u00e9: <strong>Non adapt\u00e9<\/strong>[\/vc_column_text][\/vc_column_inner][\/vc_row_inner][\/vc_column][vc_column width=&#8221;1\/3&#8243;][vc_custom_heading text=&#8221;Recommand\u00e9 pour:&#8221;][vc_separator align=&#8221;align_left&#8221; el_width=&#8221;20&#8243;][vc_column_text]<\/p>\n<p style=\"font-size: 16px;\"><i class=\"fa fa-check-square\" aria-hidden=\"true\"><\/i> <em> Vue magnifique<\/em><\/p>\n<p style=\"font-size: 16px;\"><i class=\"fa fa-check-square\" aria-hidden=\"true\"><\/i> <em>Plage<\/em><\/p>\n<p style=\"font-size: 16px;\"><i class=\"fa fa-check-square\" aria-hidden=\"true\"><\/i> <em>Id\u00e9al pour la famille<\/em><\/p>\n<p style=\"font-size: 16px;\"><i class=\"fa fa-check-square\" aria-hidden=\"true\"><\/i> <em>Hospitalit\u00e9 familiale<\/em><\/p>\n<p>[\/vc_column_text][\/vc_column][\/vc_row][vc_row][vc_column][vc_custom_heading text=&#8221;\u00c0 manger&#8221;][vc_separator align=&#8221;align_left&#8221; el_width=&#8221;20&#8243;][vc_column_text]<\/p>\n<h3><strong>Le petit-d\u00e9jeuner n&#8217;est pas disponible \u00e0 l&#8217;Akti Rooms.<\/strong><\/h3>\n<p>Mais vous avez votre propre kitchenette ou cuisine enti\u00e8rement \u00e9quip\u00e9e pour pr\u00e9parer des repas simples, des collations et des caf\u00e9s et profiter de la vue imprenable depuis votre propre balcon. Xerokampos a des tavernes et des cafes incroyables pour votre nourriture, cafe ou boisson.[\/vc_column_text][\/vc_column][\/vc_row][vc_row full_width=&#8221;stretch_row&#8221; shadow_x_offset=&#8221;0&#8243; shadow_y_offset=&#8221;0&#8243; shadow_blur=&#8221;0&#8243; shadow_spread=&#8221;0&#8243; shadow_color=&#8221;&#8221; css=&#8221;.vc_custom_1553950323751{margin-bottom: -70px !important;background-image: url(http:\/\/aktirooms.com\/wp-content\/uploads\/2019\/03\/bg-seamagic.jpg?id=1176) !important;}&#8221;][vc_column][vc_empty_space height=&#8221;300px&#8221;][\/vc_column][\/vc_row]<\/p>\n","protected":false},"excerpt":{"rendered":"<p>[vc_row][vc_column][vc_custom_heading text=&#8221;Appartement de deux chambres&#8221; font_container=&#8221;tag:h2|font_size:60|text_align:center&#8221;][vc_separator el_width=&#8221;50&#8243;][vc_row_inner][vc_column_inner width=&#8221;1\/12&#8243;][\/vc_column_inner][vc_column_inner width=&#8221;10\/12&#8243;][vc_column_text]L&#8217;appartement de deux chambres au rez-de-chauss\u00e9e comprend deux chambres s\u00e9par\u00e9es, l&#8217;une avec un lit double et l&#8217;autre avec deux lits simples, un salon et une cuisine enti\u00e8rement \u00e9quip\u00e9e. Il dispose d&#8217;une salle de bains avec douche et d&#8217;une grande terrasse.[\/vc_column_text][\/vc_column_inner][vc_column_inner width=&#8221;1\/12&#8243;][\/vc_column_inner][\/vc_row_inner][vc_empty_space height=&#8221;25px&#8221;][\/vc_column][\/vc_row][vc_row][vc_column width=&#8221;2\/3&#8243;][vc_custom_heading text=&#8221;Galerie&#8221; font_container=&#8221;tag:h3|text_align:left&#8221;][vc_separator align=&#8221;align_left&#8221; el_width=&#8221;30&#8243;][vc_gallery [&hellip;]<\/p>\n","protected":false},"author":1,"featured_media":0,"parent":0,"menu_order":0,"comment_status":"closed","ping_status":"closed","template":"","meta":{"footnotes":""},"yst_prominent_words":[],"class_list":["post-2209","page","type-page","status-publish","hentry"],"_links":{"self":[{"href":"https:\/\/aktirooms.com\/fr\/wp-json\/wp\/v2\/pages\/2209","targetHints":{"allow":["GET"]}}],"collection":[{"href":"https:\/\/aktirooms.com\/fr\/wp-json\/wp\/v2\/pages"}],"about":[{"href":"https:\/\/aktirooms.com\/fr\/wp-json\/wp\/v2\/types\/page"}],"author":[{"embeddable":true,"href":"https:\/\/aktirooms.com\/fr\/wp-json\/wp\/v2\/users\/1"}],"replies":[{"embeddable":true,"href":"https:\/\/aktirooms.com\/fr\/wp-json\/wp\/v2\/comments?post=2209"}],"version-history":[{"count":8,"href":"https:\/\/aktirooms.com\/fr\/wp-json\/wp\/v2\/pages\/2209\/revisions"}],"predecessor-version":[{"id":2316,"href":"https:\/\/aktirooms.com\/fr\/wp-json\/wp\/v2\/pages\/2209\/revisions\/2316"}],"wp:attachment":[{"href":"https:\/\/aktirooms.com\/fr\/wp-json\/wp\/v2\/media?parent=2209"}],"wp:term":[{"taxonomy":"yst_prominent_words","embeddable":true,"href":"https:\/\/aktirooms.com\/fr\/wp-json\/wp\/v2\/yst_prominent_words?post=2209"}],"curies":[{"name":"wp","href":"https:\/\/api.w.org\/{rel}","templated":true}]}}