{"id":2187,"date":"2018-06-07T06:42:06","date_gmt":"2018-06-07T06:42:06","guid":{"rendered":"https:\/\/aktirooms.com\/accommodation\/"},"modified":"2023-11-22T20:19:49","modified_gmt":"2023-11-22T20:19:49","slug":"accommodation","status":"publish","type":"page","link":"https:\/\/aktirooms.com\/fr\/accommodation\/","title":{"rendered":"H\u00e9bergement"},"content":{"rendered":"<p>[vc_row][vc_column][vc_empty_space][vc_custom_heading text=&#8221;Options d&#8217;h\u00e9bergement&#8221; font_container=&#8221;tag:h2|font_size:60|text_align:center&#8221;][vc_separator el_width=&#8221;50&#8243;][vc_column_text]<\/p>\n<p style=\"text-align: center;\">Akti Rooms dispose de 10 studios et 2 appartements. Choisissez celui qui correspond \u00e0 vos besoins !<\/p>\n<p>[\/vc_column_text][vc_empty_space height=&#8221;42px&#8221;][\/vc_column][\/vc_row][vc_row][vc_column width=&#8221;1\/3&#8243;][vc_custom_heading text=&#8221;Studio&#8221; font_container=&#8221;tag:h2|text_align:center&#8221;][vc_separator el_width=&#8221;30&#8243;][vc_empty_space height=&#8221;22px&#8221;][vc_single_image image=&#8221;2112&#8243; img_size=&#8221;full&#8221; alignment=&#8221;center&#8221; style=&#8221;vc_box_shadow_border&#8221;][vc_column_text]<strong>Les studios<\/strong> sont pour 2 personnes (2 personnes et un b\u00e9b\u00e9 &#8211; maximum) et disposent de lits doubles. Quatre d&#8217;entre elles disposent d&#8217;un lit d&#8217;appoint. Salle de bain avec douche.[\/vc_column_text][vc_btn title=&#8221;D\u00e9tails de la chambre&#8230;&#8221; size=&#8221;lg&#8221; align=&#8221;center&#8221; i_icon_fontawesome=&#8221;fa fa-bed&#8221; button_block=&#8221;true&#8221; add_icon=&#8221;true&#8221; link=&#8221;url:http%3A%2F%2Faktirooms.com%2Ffr%2Fstudio%2F|title:Room%20details||&#8221;][\/vc_column][vc_column width=&#8221;1\/3&#8243;][vc_custom_heading text=&#8221;Appartement de deux chambres&#8221; font_container=&#8221;tag:h2|text_align:center&#8221;][vc_separator el_width=&#8221;60&#8243;][vc_empty_space height=&#8221;22px&#8221;][vc_single_image image=&#8221;2171&#8243; img_size=&#8221;full&#8221; alignment=&#8221;center&#8221; style=&#8221;vc_box_shadow_border&#8221;][vc_column_text]Les studios sont pour 2 personnes (2 personnes et un b\u00e9b\u00e9 &#8211; maximum) et disposent de lits doubles. Quatre d&#8217;entre elles disposent d&#8217;un lit d&#8217;appoint. Salle de bain avec douche.[\/vc_column_text][vc_btn title=&#8221;D\u00e9tails de la chambre&#8230;&#8221; size=&#8221;lg&#8221; align=&#8221;center&#8221; i_icon_fontawesome=&#8221;fa fa-bed&#8221; button_block=&#8221;true&#8221; add_icon=&#8221;true&#8221; link=&#8221;url:http%3A%2F%2Faktirooms.com%2Ffr%2Fone-bedroom-apartment%2F|title:Room%20details||&#8221;][\/vc_column][vc_column width=&#8221;1\/3&#8243;][vc_custom_heading text=&#8221;Appartement de deux chambres&#8221; font_container=&#8221;tag:h2|text_align:center&#8221;][vc_separator el_width=&#8221;60&#8243;][vc_empty_space height=&#8221;22px&#8221;][vc_single_image image=&#8221;2149&#8243; img_size=&#8221;full&#8221; alignment=&#8221;center&#8221; style=&#8221;vc_box_shadow_border&#8221;][vc_column_text]Il y a un <strong>appartement de deux chambres<\/strong> au rez-de-chauss\u00e9e avec deux chambres s\u00e9par\u00e9es, une avec un lit double et une avec deux lits simples.[\/vc_column_text][vc_btn title=&#8221;D\u00e9tails de la chambre&#8230;&#8221; size=&#8221;lg&#8221; align=&#8221;center&#8221; i_icon_fontawesome=&#8221;fa fa-bed&#8221; button_block=&#8221;true&#8221; add_icon=&#8221;true&#8221; link=&#8221;url:http%3A%2F%2Faktirooms.com%2Ffr%2Fthree-rooms-apartment%2F|title:Room%20details||&#8221;][\/vc_column][\/vc_row][vc_row full_width=&#8221;stretch_row&#8221; shadow_x_offset=&#8221;0&#8243; shadow_y_offset=&#8221;0&#8243; shadow_blur=&#8221;0&#8243; shadow_spread=&#8221;0&#8243; shadow_color=&#8221;&#8221; css=&#8221;.vc_custom_1553950323751{margin-bottom: -70px !important;background-image: url(http:\/\/aktirooms.com\/wp-content\/uploads\/2019\/03\/bg-seamagic.jpg?id=1176) !important;}&#8221;][vc_column][vc_empty_space height=&#8221;300px&#8221;][\/vc_column][\/vc_row]<\/p>\n","protected":false},"excerpt":{"rendered":"<p>[vc_row][vc_column][vc_empty_space][vc_custom_heading text=&#8221;Options d&#8217;h\u00e9bergement&#8221; font_container=&#8221;tag:h2|font_size:60|text_align:center&#8221;][vc_separator el_width=&#8221;50&#8243;][vc_column_text] Akti Rooms dispose de 10 studios et 2 appartements. Choisissez celui qui correspond \u00e0 vos besoins ! [\/vc_column_text][vc_empty_space height=&#8221;42px&#8221;][\/vc_column][\/vc_row][vc_row][vc_column width=&#8221;1\/3&#8243;][vc_custom_heading text=&#8221;Studio&#8221; font_container=&#8221;tag:h2|text_align:center&#8221;][vc_separator el_width=&#8221;30&#8243;][vc_empty_space height=&#8221;22px&#8221;][vc_single_image image=&#8221;2112&#8243; img_size=&#8221;full&#8221; alignment=&#8221;center&#8221; style=&#8221;vc_box_shadow_border&#8221;][vc_column_text]Les studios sont pour 2 personnes (2 personnes et un b\u00e9b\u00e9 &#8211; maximum) et disposent de lits doubles. Quatre d&#8217;entre elles disposent d&#8217;un [&hellip;]<\/p>\n","protected":false},"author":1,"featured_media":0,"parent":0,"menu_order":0,"comment_status":"closed","ping_status":"closed","template":"","meta":{"footnotes":""},"yst_prominent_words":[],"class_list":["post-2187","page","type-page","status-publish","hentry"],"_links":{"self":[{"href":"https:\/\/aktirooms.com\/fr\/wp-json\/wp\/v2\/pages\/2187","targetHints":{"allow":["GET"]}}],"collection":[{"href":"https:\/\/aktirooms.com\/fr\/wp-json\/wp\/v2\/pages"}],"about":[{"href":"https:\/\/aktirooms.com\/fr\/wp-json\/wp\/v2\/types\/page"}],"author":[{"embeddable":true,"href":"https:\/\/aktirooms.com\/fr\/wp-json\/wp\/v2\/users\/1"}],"replies":[{"embeddable":true,"href":"https:\/\/aktirooms.com\/fr\/wp-json\/wp\/v2\/comments?post=2187"}],"version-history":[{"count":6,"href":"https:\/\/aktirooms.com\/fr\/wp-json\/wp\/v2\/pages\/2187\/revisions"}],"predecessor-version":[{"id":2271,"href":"https:\/\/aktirooms.com\/fr\/wp-json\/wp\/v2\/pages\/2187\/revisions\/2271"}],"wp:attachment":[{"href":"https:\/\/aktirooms.com\/fr\/wp-json\/wp\/v2\/media?parent=2187"}],"wp:term":[{"taxonomy":"yst_prominent_words","embeddable":true,"href":"https:\/\/aktirooms.com\/fr\/wp-json\/wp\/v2\/yst_prominent_words?post=2187"}],"curies":[{"name":"wp","href":"https:\/\/api.w.org\/{rel}","templated":true}]}}