{"id":2180,"date":"2019-03-30T11:40:58","date_gmt":"2019-03-30T11:40:58","guid":{"rendered":"https:\/\/aktirooms.com\/prices\/"},"modified":"2022-04-11T18:41:23","modified_gmt":"2022-04-11T18:41:23","slug":"prices","status":"publish","type":"page","link":"https:\/\/aktirooms.com\/fr\/prices\/","title":{"rendered":"Des prix"},"content":{"rendered":"<p>[vc_row][vc_column][vc_custom_heading text=&#8221;Tarifs Chambres Akti&#8221; font_container=&#8221;tag:h2|font_size:60|text_align:center&#8221;][vc_separator el_width=&#8221;50&#8243;][vc_row_inner][vc_column_inner width=&#8221;1\/12&#8243;][\/vc_column_inner][vc_column_inner width=&#8221;10\/12&#8243;][vc_column_text]<\/p>\n<p style=\"text-align: justify; font-size: 18px;\">D\u00e8s le premier instant dans nos appartements \u00e0 Xerokampos, vous ressentirez une atmosph\u00e8re chaleureuse et conviviale et vous vous sentirez \u00e0 l&#8217;aise chez vous. Tous les appartements disposent de la climatisation et sont enti\u00e8rement \u00e9quip\u00e9s. Elles sont d\u00e9cor\u00e9es de mani\u00e8re simple mais \u00e9l\u00e9gante dans des couleurs qui correspondent parfaitement \u00e0 l&#8217;environnement de la r\u00e9gion.<\/p>\n<p>[\/vc_column_text][\/vc_column_inner][vc_column_inner width=&#8221;1\/12&#8243;][\/vc_column_inner][\/vc_row_inner][vc_empty_space height=&#8221;25px&#8221;][vc_column_text]\n<table id=\"tablepress-4\" class=\"tablepress tablepress-id-4\">\n<thead>\n<tr class=\"row-1 odd\">\n\t<th class=\"column-1\">TYPES DE CHAMBRES <\/th><th class=\"column-2\">MAI <\/th><th class=\"column-3\">JUIN<\/th><th class=\"column-4\">JUILLET<\/th><th class=\"column-5\">AO\u00dbT <\/th><th class=\"column-6\">SEPTEMBRE<\/th><th class=\"column-7\">OCTOBRE<\/th>\n<\/tr>\n<\/thead>\n<tbody class=\"row-hover\">\n<tr class=\"row-2 even\">\n\t<td class=\"column-1\">Studio<\/td><td class=\"column-2\">55\u20ac<\/td><td class=\"column-3\">60\u20ac<\/td><td class=\"column-4\">65\u20ac<\/td><td class=\"column-5\">65\u20ac<\/td><td class=\"column-6\">65\u20ac<\/td><td class=\"column-7\">60\u20ac<\/td>\n<\/tr>\n<tr class=\"row-3 odd\">\n\t<td class=\"column-1\">Deux chambres (RDC) <\/td><td class=\"column-2\">75\u20ac<\/td><td class=\"column-3\">80\u20ac<\/td><td class=\"column-4\">90\u20ac<\/td><td class=\"column-5\">95\u20ac<\/td><td class=\"column-6\">90\u20ac<\/td><td class=\"column-7\">85\u20ac<\/td>\n<\/tr>\n<tr class=\"row-4 even\">\n\t<td class=\"column-1\">Deux chambres <\/td><td class=\"column-2\">80\u20ac<\/td><td class=\"column-3\">85\u20ac<\/td><td class=\"column-4\">95\u20ac<\/td><td class=\"column-5\">100\u20ac<\/td><td class=\"column-6\">95\u20ac<\/td><td class=\"column-7\">90\u20ac<\/td>\n<\/tr>\n<\/tbody>\n<\/table>\n<!-- #tablepress-4 from cache -->[\/vc_column_text][vc_column_text]Dans le studio au premier \u00e9tage peut \u00eatre am\u00e9nag\u00e9 sur demande et un lit suppl\u00e9mentaire avec <strong>suppl\u00e9ment 5 \u20ac \/ jour.<\/strong><\/p>\n<p><strong>*Note importante<\/strong> : La taxe d&#8217;h\u00e9bergement par nuit est de <strong>0,5 \u20ac<\/strong>[\/vc_column_text][vc_empty_space][vc_custom_heading text=&#8221;Politique d&#8217;annulation&#8221; font_container=&#8221;tag:h2|font_size:60|text_align:center&#8221;][vc_separator el_width=&#8221;50&#8243;][vc_row_inner][vc_column_inner width=&#8221;1\/12&#8243;][\/vc_column_inner][vc_column_inner width=&#8221;10\/12&#8243;][vc_column_text]Les appartements et les chambres sont disponibles \u00e0 partir de 14h00 le jour de l&#8217;arriv\u00e9e jusqu&#8217;\u00e0 12h00 le jour du d\u00e9part.<\/p>\n<p>Acompte de 25% de la p\u00e9riode de r\u00e9servation par virement bancaire \u00e0 la Banque nationale de Gr\u00e8ce, en pr\u00e9cisant le nom, la p\u00e9riode requise et le type de s\u00e9jour.<\/p>\n<p>Les demandes d&#8217;annulation doivent \u00eatre notifi\u00e9es par e-mail 21 jours avant la date d&#8217;arriv\u00e9e\u00a0; si elles sont notifi\u00e9es plus tard, aucun remboursement n&#8217;est requis pour envoyer l&#8217;acompte.<\/p>\n<p>Pour ce qui n&#8217;est pas sp\u00e9cifi\u00e9 ci-dessus, le contrat sera r\u00e9gi et interpr\u00e9t\u00e9 conform\u00e9ment \u00e0 l&#8217;EOT grec (Office national du tourisme) et les tribunaux grecs de Naples seront seuls comp\u00e9tents pour tout litige pouvant survenir.[\/vc_column_text][\/vc_column_inner][vc_column_inner width=&#8221;1\/12&#8243;][\/vc_column_inner][\/vc_row_inner][\/vc_column][\/vc_row][vc_row full_width=&#8221;stretch_row&#8221; shadow_x_offset=&#8221;0&#8243; shadow_y_offset=&#8221;0&#8243; shadow_blur=&#8221;0&#8243; shadow_spread=&#8221;0&#8243; shadow_color=&#8221;&#8221; css=&#8221;.vc_custom_1553950323751{margin-bottom: -70px !important;background-image: url(http:\/\/aktirooms.com\/wp-content\/uploads\/2019\/03\/bg-seamagic.jpg?id=1176) !important;}&#8221;][vc_column][vc_empty_space height=&#8221;300px&#8221;][\/vc_column][\/vc_row]<\/p>\n","protected":false},"excerpt":{"rendered":"<p>[vc_row][vc_column][vc_custom_heading text=&#8221;Tarifs Chambres Akti&#8221; font_container=&#8221;tag:h2|font_size:60|text_align:center&#8221;][vc_separator el_width=&#8221;50&#8243;][vc_row_inner][vc_column_inner width=&#8221;1\/12&#8243;][\/vc_column_inner][vc_column_inner width=&#8221;10\/12&#8243;][vc_column_text] D\u00e8s le premier instant dans nos appartements \u00e0 Xerokampos, vous ressentirez une atmosph\u00e8re chaleureuse et conviviale et vous vous sentirez \u00e0 l&#8217;aise chez vous. Tous les appartements disposent de la climatisation et sont enti\u00e8rement \u00e9quip\u00e9s. Elles sont d\u00e9cor\u00e9es de mani\u00e8re simple mais \u00e9l\u00e9gante dans des couleurs qui [&hellip;]<\/p>\n","protected":false},"author":1,"featured_media":0,"parent":0,"menu_order":0,"comment_status":"closed","ping_status":"closed","template":"","meta":{"footnotes":""},"yst_prominent_words":[],"class_list":["post-2180","page","type-page","status-publish","hentry"],"_links":{"self":[{"href":"https:\/\/aktirooms.com\/fr\/wp-json\/wp\/v2\/pages\/2180","targetHints":{"allow":["GET"]}}],"collection":[{"href":"https:\/\/aktirooms.com\/fr\/wp-json\/wp\/v2\/pages"}],"about":[{"href":"https:\/\/aktirooms.com\/fr\/wp-json\/wp\/v2\/types\/page"}],"author":[{"embeddable":true,"href":"https:\/\/aktirooms.com\/fr\/wp-json\/wp\/v2\/users\/1"}],"replies":[{"embeddable":true,"href":"https:\/\/aktirooms.com\/fr\/wp-json\/wp\/v2\/comments?post=2180"}],"version-history":[{"count":5,"href":"https:\/\/aktirooms.com\/fr\/wp-json\/wp\/v2\/pages\/2180\/revisions"}],"predecessor-version":[{"id":2253,"href":"https:\/\/aktirooms.com\/fr\/wp-json\/wp\/v2\/pages\/2180\/revisions\/2253"}],"wp:attachment":[{"href":"https:\/\/aktirooms.com\/fr\/wp-json\/wp\/v2\/media?parent=2180"}],"wp:term":[{"taxonomy":"yst_prominent_words","embeddable":true,"href":"https:\/\/aktirooms.com\/fr\/wp-json\/wp\/v2\/yst_prominent_words?post=2180"}],"curies":[{"name":"wp","href":"https:\/\/api.w.org\/{rel}","templated":true}]}}