{"id":2129,"date":"2019-03-30T13:43:53","date_gmt":"2019-03-30T13:43:53","guid":{"rendered":"https:\/\/aktirooms.com\/contact\/"},"modified":"2022-04-11T17:03:25","modified_gmt":"2022-04-11T17:03:25","slug":"contact","status":"publish","type":"page","link":"https:\/\/aktirooms.com\/fr\/contact\/","title":{"rendered":"Communication"},"content":{"rendered":"<p>[vc_row shadow_x_offset=&#8221;0&#8243; shadow_y_offset=&#8221;0&#8243; shadow_blur=&#8221;0&#8243; shadow_spread=&#8221;0&#8243; shadow_color=&#8221;&#8221; css=&#8221;.vc_custom_1553973790654{padding-top: 20px !important;}&#8221;][vc_column shadow_x_offset=&#8221;0&#8243; shadow_y_offset=&#8221;0&#8243; shadow_blur=&#8221;0&#8243; shadow_spread=&#8221;0&#8243; shadow_color=&#8221;&#8221; offset=&#8221;vc_col-lg-8 vc_col-md-8&#8243;][vc_custom_heading text=&#8221;Contactez-nous&#8221; font_container=&#8221;tag:h3|text_align:left&#8221;][vc_column_text]N&#8217;h\u00e9sitez pas \u00e0 nous contacter si vous avez besoin de plus d&#8217;informations. Je vais<br \/>\nNous sommes heureux de vous aider. Merci pour ton int\u00e9r\u00eat[\/vc_column_text][vc_column_text]<div id=\"vfb-form-4\" class=\"visual-form-builder-container\"><form id=\"contact-form-fr-4\" class=\"visual-form-builder vfb-form-4 \" method=\"post\" enctype=\"multipart\/form-data\">\n\t\t\t<input type=\"hidden\" name=\"form_id\" value=\"4\" \/><fieldset class=\"vfb-fieldset vfb-fieldset-1 renseignements-personnels \" id=\"item-vfb-57\"><div class=\"vfb-legend\"><h3>Renseignements personnels<\/h3><\/div><ul class=\"vfb-section vfb-section-1\"><li class=\"vfb-item vfb-item-text   vfb-left-half\" id=\"item-vfb-54\"><label for=\"vfb-54\" class=\"vfb-desc\">Nom et pr\u00e9nom <\/label><span class=\"vfb-span\"><input type=\"text\" name=\"vfb-54\" id=\"vfb-54\" value=\"\" class=\"vfb-text  vfb-medium   \" \/><label>S'il vous plait entrez votre nom entier<\/label><\/span><\/li><li class=\"vfb-item vfb-item-email   vfb-right-half\" id=\"item-vfb-55\"><label for=\"vfb-55\" class=\"vfb-desc\">Email <\/label><span class=\"vfb-span\"><input type=\"email\" name=\"vfb-55\" id=\"vfb-55\" value=\"\" class=\"vfb-text  vfb-medium   email \" \/><label>entrez une adresse e-mail valide<\/label><\/span><\/li><div id=\"item-vfb-60\" class=\"vfb-section-div \"><h4>Les d\u00e9tails de r\u00e9servation<\/h4><\/div><div class=\"vfb-clear\"><\/div><li class=\"vfb-item vfb-item-date   vfb-left-half\" id=\"item-vfb-58\"><label for=\"vfb-58\" class=\"vfb-desc\">Date d&#039;arriv\u00e9e  <span class=\"vfb-required-asterisk\">*<\/span><\/label><input type=\"text\" name=\"vfb-58\" id=\"vfb-58\" value=\"\" class=\"vfb-text vfb-date-picker  vfb-medium  required \" data-dp-dateFormat=\"mm\/dd\/yy\" \/><\/li><li class=\"vfb-item vfb-item-date   vfb-right-half\" id=\"item-vfb-59\"><label for=\"vfb-59\" class=\"vfb-desc\">Date de d\u00e9part  <span class=\"vfb-required-asterisk\">*<\/span><\/label><input type=\"text\" name=\"vfb-59\" id=\"vfb-59\" value=\"\" class=\"vfb-text vfb-date-picker  vfb-medium  required \" data-dp-dateFormat=\"mm\/dd\/yy\" \/><\/li><li class=\"vfb-item vfb-item-text   vfb-left-half\" id=\"item-vfb-61\"><label for=\"vfb-61\" class=\"vfb-desc\">Nombre d&#039;adultes <\/label><input type=\"text\" name=\"vfb-61\" id=\"vfb-61\" value=\"\" class=\"vfb-text  vfb-medium   \" \/><\/li><li class=\"vfb-item vfb-item-text   vfb-right-half\" id=\"item-vfb-62\"><label for=\"vfb-62\" class=\"vfb-desc\">Nombre d&#039;adultes <\/label><input type=\"text\" name=\"vfb-62\" id=\"vfb-62\" value=\"\" class=\"vfb-text  vfb-medium   \" \/><\/li><li class=\"vfb-item vfb-item-textarea  \" id=\"item-vfb-56\"><label for=\"vfb-56\" class=\"vfb-desc\">Message <\/label><div><textarea name=\"vfb-56\" id=\"vfb-56\" class=\"vfb-textarea  vfb-medium  \"><\/textarea><\/div><\/li><\/ul>&nbsp;<\/fieldset><fieldset class=\"vfb-fieldset vfb-fieldset-2 verification \" id=\"item-vfb-51\" style=\"display:block\"><div class=\"vfb-legend\"><h3>V\u00e9rification<\/h3><\/div><ul class=\"vfb-section vfb-section-2\"><li class=\"vfb-item vfb-item-secret\"  style=\"display:block\"><label for=\"vfb-52\" class=\"vfb-desc\">Entrez deux chiffres quelconques * <span class=\"vfb-required-asterisk\">*<\/span><\/label><input type=\"hidden\" name=\"_vfb-secret\" value=\"vfb-52\" \/><span class=\"vfb-span\"><input type=\"text\" name=\"vfb-52\" id=\"vfb-52\" value=\"\" class=\"vfb-text  vfb-medium  required {digits:true,maxlength:2,minlength:2} \" style=\"display:block\" \/><label>Exemple : 12<\/label><\/span><li style=\"display:none;\"><label>This box is for spam protection - <strong>please leave it blank<\/strong>:<\/label><div><input name=\"vfb-spam\" \/><\/div><\/li>\n\t\t\t<li class=\"vfb-item vfb-item-submit\" id=\"item-vfb-53\">\n\t\t\t\t\t\t<input type=\"submit\" name=\"vfb-submit\" id=\"vfb-53\" value=\"Envoyer\" class=\"vfb-submit \" \/>\n\t\t\t\t\t\t<\/li><\/ul>\n\t\t\t<\/fieldset><input type=\"hidden\" name=\"_wp_http_referer\" value=\"\/fr\/wp-json\/wp\/v2\/pages\/2129\" \/><\/form><\/div> <!-- .visual-form-builder-container -->[\/vc_column_text][\/vc_column][vc_column shadow_x_offset=&#8221;0&#8243; shadow_y_offset=&#8221;0&#8243; shadow_blur=&#8221;0&#8243; shadow_spread=&#8221;0&#8243; offset=&#8221;vc_col-lg-4 vc_col-md-4&#8243;][vc_custom_heading text=&#8221;D\u00e9tails du contact&#8221; font_container=&#8221;tag:h3|text_align:left&#8221;][vc_column_text]Xerokampos Zirou Sitia<br \/>\nLassithi Cr\u00e8te<br \/>\nGr\u00e8ce<\/p>\n<p><strong>aktirooms@gmail.com<\/strong><\/p>\n<p>t\u00e9l. <a href=\"tel:302843026780\">28430 26780<\/a><\/p>\n<p>fax. <a href=\"tel:302843026780\">28430 26780<\/a><\/p>\n<p>mob. <a href=\"tel:306939686314\">6939 686 314<\/a><\/p>\n<p>T\u00e9l &amp; Fax Patras\u00a0<a href=\"tel:302610521428\">26105 21428<\/a><\/p>\n<p>(Uniquement pour l&#8217;hiver)[\/vc_column_text][vc_column_text css=&#8221;.vc_custom_1553975719957{margin-top: -24px !important;}&#8221;]<img loading=\"lazy\" decoding=\"async\" class=\"aligncenter wp-image-1429\" src=\"http:\/\/aktirooms.com\/wp-content\/uploads\/2019\/03\/family3.png\" alt=\"\" width=\"343\" height=\"168\" srcset=\"https:\/\/aktirooms.com\/wp-content\/uploads\/2019\/03\/family3.png 578w, https:\/\/aktirooms.com\/wp-content\/uploads\/2019\/03\/family3-300x147.png 300w\" sizes=\"auto, (max-width: 343px) 100vw, 343px\" \/>[\/vc_column_text][\/vc_column][\/vc_row][vc_row][vc_column][vc_empty_space height=&#8221;50px&#8221;][\/vc_column][\/vc_row][vc_row full_width=&#8221;stretch_row&#8221; shadow_x_offset=&#8221;0&#8243; shadow_y_offset=&#8221;0&#8243; shadow_blur=&#8221;0&#8243; shadow_spread=&#8221;0&#8243; shadow_color=&#8221;&#8221; css=&#8221;.vc_custom_1553974580808{background-color: #f9f9f9 !important;}&#8221;][vc_column][vc_empty_space height=&#8221;52px&#8221;][vc_custom_heading text=&#8221;LOCALISATION&#8221; font_container=&#8221;tag:h2|font_size:50|text_align:center&#8221; link=&#8221;url:%23location|||&#8221; el_id=&#8221;location&#8221;][vc_zigzag el_width=&#8221;30&#8243;][vc_empty_space height=&#8221;52px&#8221;][\/vc_column][\/vc_row][vc_row full_width=&#8221;stretch_row&#8221; shadow_x_offset=&#8221;0&#8243; shadow_y_offset=&#8221;0&#8243; shadow_blur=&#8221;0&#8243; shadow_spread=&#8221;0&#8243; shadow_color=&#8221;&#8221; css=&#8221;.vc_custom_1553974564311{background-color: #f9f9f9 !important;}&#8221;][vc_column width=&#8221;1\/2&#8243;][vc_custom_heading text=&#8221;Distances&#8221;][vc_separator align=&#8221;align_left&#8221; el_width=&#8221;50&#8243;][vc_column_text]<\/p>\n<p style=\"font-size: 18px; line-height: 27px;\"><i class=\"fa fa-check\"><\/i>Plage la plus proche &#8211; 10m<br \/>\n<i class=\"fa fa-check\"><\/i>Restaurant le plus proche &#8211; 650m<br \/>\n<i class=\"fa fa-check\"><\/i>Commerces les plus proches &#8211; 300m<br \/>\n<i class=\"fa fa-check\"><\/i>A\u00e9roport et ville de Sitia &#8211; 47 km<br \/>\n<i class=\"fa fa-check\"><\/i>A\u00e9roport d&#8217;H\u00e9raklion &#8211; Port (160 km)<br \/>\n<i class=\"fa fa-check\"><\/i>A\u00e9roport de La Can\u00e9e &#8211; 310 km<br \/>\n<i class=\"fa fa-check\"><\/i>Village de Ziros &#8211; 19 km<br \/>\n<i class=\"fa fa-check\"><\/i>Village \/ Plage de Zakros &#8211; 19 km<br \/>\n<i class=\"fa fa-check\"><\/i>Village de Palekastro &#8211; 30 km<br \/>\n<i class=\"fa fa-check\"><\/i>Saint Monast\u00e8re de Toplou &#8211; 38km<br \/>\n<i class=\"fa fa-check\"><\/i>Village \/ Plage Makrigialos &#8211; 42km<br \/>\n<i class=\"fa fa-check\"><\/i>Ier\u00e1petra &#8211; 67km<br \/>\n<i class=\"fa fa-check\"><\/i>Ville d&#8217;Agios Nikolaos &#8211; 103 km<\/p>\n<p>[\/vc_column_text][vc_empty_space][\/vc_column][vc_column width=&#8221;1\/2&#8243;][vc_custom_heading text=&#8221;Comment nous rendre visite&#8221; font_container=&#8221;tag:h2|text_align:center&#8221; link=&#8221;|||&#8221;][vc_separator el_width=&#8221;50&#8243;][vc_column_text]Xerokampos est situ\u00e9 au sud-est de la Cr\u00e8te, dans une r\u00e9gion pure, \u00e0 48 km de Sitia, 28 km de Palekastro et 10 km de Zakros.<\/p>\n<p><strong>Comment nous rendre visite<\/strong><\/p>\n<p><strong>Par avion<br \/>\n<\/strong>De mai \u00e0 mi-octobre, il y a des vols charters directs vers Sitia\u00a0 (47km) et plus souvent \u00e0 la capitale H\u00e9raklion (160km).<\/p>\n<p><strong>Par la mer<br \/>\n<\/strong>&#8220;Le voyage est la chose&#8221;. Une excellente fa\u00e7on de profiter de votre voyage en Cr\u00e8te est de prendre l&#8217;avion pour Ath\u00e8nes et de prendre le ferry depuis le Pir\u00e9e (Le Pir\u00e9e) &#8211; le port qui dessert Ath\u00e8nes. Une autre fa\u00e7on romantique de voyager en ferry de nuit du Pir\u00e9e au port d&#8217;H\u00e9raklion (165 km).<\/p>\n<p><strong>En voiture<br \/>\n<\/strong>Si vous souhaitez explorer la r\u00e9gion pendant votre s\u00e9jour, nous vous recommandons de louer une voiture, les autres moyens de transport \u00e9tant limit\u00e9s et \/ ou rares.[\/vc_column_text][vc_empty_space][\/vc_column][\/vc_row][vc_row full_width=&#8221;stretch_row_content_no_spaces&#8221; shadow_x_offset=&#8221;0&#8243; shadow_y_offset=&#8221;0&#8243; shadow_blur=&#8221;0&#8243; shadow_spread=&#8221;0&#8243; shadow_color=&#8221;&#8221; css=&#8221;.vc_custom_1553953944671{margin-bottom: -100px !important;}&#8221;][vc_column][vc_column_text]<iframe loading=\"lazy\" style=\"border: 0;\" src=\"https:\/\/www.google.com\/maps\/embed?pb=!1m18!1m12!1m3!1d4028.173751971516!2d26.219632815558374!3d35.03731827262212!2m3!1f0!2f0!3f0!3m2!1i1024!2i768!4f13.1!3m3!1m2!1s0x1490f785a1af279b%3A0x871e352952f9b21e!2sAkti+Rooms+Xerokampos+Crete!5e1!3m2!1sen!2sgr!4v1553899061877!5m2!1sen!2sgr\" width=\"1920\" height=\"600\" frameborder=\"0\" allowfullscreen=\"allowfullscreen\"><\/iframe>[\/vc_column_text][\/vc_column][\/vc_row][vc_row full_width=&#8221;stretch_row&#8221; shadow_x_offset=&#8221;0&#8243; shadow_y_offset=&#8221;0&#8243; shadow_blur=&#8221;0&#8243; shadow_spread=&#8221;0&#8243; shadow_color=&#8221;&#8221; css=&#8221;.vc_custom_1553950323751{margin-bottom: -70px !important;background-image: url(http:\/\/aktirooms.com\/wp-content\/uploads\/2019\/03\/bg-seamagic.jpg?id=1176) !important;}&#8221;][vc_column][vc_empty_space height=&#8221;300px&#8221;][\/vc_column][\/vc_row]<\/p>\n","protected":false},"excerpt":{"rendered":"<p>[vc_row shadow_x_offset=&#8221;0&#8243; shadow_y_offset=&#8221;0&#8243; shadow_blur=&#8221;0&#8243; shadow_spread=&#8221;0&#8243; shadow_color=&#8221;&#8221; css=&#8221;.vc_custom_1553973790654{padding-top: 20px !important;}&#8221;][vc_column shadow_x_offset=&#8221;0&#8243; shadow_y_offset=&#8221;0&#8243; shadow_blur=&#8221;0&#8243; shadow_spread=&#8221;0&#8243; shadow_color=&#8221;&#8221; offset=&#8221;vc_col-lg-8 vc_col-md-8&#8243;][vc_custom_heading text=&#8221;Contactez-nous&#8221; font_container=&#8221;tag:h3|text_align:left&#8221;][vc_column_text]N&#8217;h\u00e9sitez pas \u00e0 nous contacter si vous avez besoin de plus d&#8217;informations. Je vais Nous sommes heureux de vous aider. Merci pour ton int\u00e9r\u00eat[\/vc_column_text][vc_column_text][\/vc_column_text][\/vc_column][vc_column shadow_x_offset=&#8221;0&#8243; shadow_y_offset=&#8221;0&#8243; shadow_blur=&#8221;0&#8243; shadow_spread=&#8221;0&#8243; offset=&#8221;vc_col-lg-4 vc_col-md-4&#8243;][vc_custom_heading text=&#8221;D\u00e9tails du contact&#8221; font_container=&#8221;tag:h3|text_align:left&#8221;][vc_column_text]Xerokampos Zirou Sitia Lassithi Cr\u00e8te [&hellip;]<\/p>\n","protected":false},"author":1,"featured_media":0,"parent":0,"menu_order":0,"comment_status":"closed","ping_status":"closed","template":"","meta":{"footnotes":""},"yst_prominent_words":[174,175,169,77,76,173,194,85,74,82,75,79,83,80,70,176,78,84,86,81],"class_list":["post-2129","page","type-page","status-publish","hentry"],"_links":{"self":[{"href":"https:\/\/aktirooms.com\/fr\/wp-json\/wp\/v2\/pages\/2129","targetHints":{"allow":["GET"]}}],"collection":[{"href":"https:\/\/aktirooms.com\/fr\/wp-json\/wp\/v2\/pages"}],"about":[{"href":"https:\/\/aktirooms.com\/fr\/wp-json\/wp\/v2\/types\/page"}],"author":[{"embeddable":true,"href":"https:\/\/aktirooms.com\/fr\/wp-json\/wp\/v2\/users\/1"}],"replies":[{"embeddable":true,"href":"https:\/\/aktirooms.com\/fr\/wp-json\/wp\/v2\/comments?post=2129"}],"version-history":[{"count":5,"href":"https:\/\/aktirooms.com\/fr\/wp-json\/wp\/v2\/pages\/2129\/revisions"}],"predecessor-version":[{"id":2136,"href":"https:\/\/aktirooms.com\/fr\/wp-json\/wp\/v2\/pages\/2129\/revisions\/2136"}],"wp:attachment":[{"href":"https:\/\/aktirooms.com\/fr\/wp-json\/wp\/v2\/media?parent=2129"}],"wp:term":[{"taxonomy":"yst_prominent_words","embeddable":true,"href":"https:\/\/aktirooms.com\/fr\/wp-json\/wp\/v2\/yst_prominent_words?post=2129"}],"curies":[{"name":"wp","href":"https:\/\/api.w.org\/{rel}","templated":true}]}}