{"id":1971,"date":"2019-03-30T20:08:19","date_gmt":"2019-03-30T20:08:19","guid":{"rendered":"https:\/\/aktirooms.com\/facilities\/"},"modified":"2021-06-10T09:57:03","modified_gmt":"2021-06-10T09:57:03","slug":"facilities","status":"publish","type":"page","link":"https:\/\/aktirooms.com\/de\/facilities\/","title":{"rendered":"Leistungen"},"content":{"rendered":"<p>[vc_row][vc_column][vc_custom_heading text=&#8221;Leistungen&#8221; font_container=&#8221;tag:h2|font_size:60|text_align:center&#8221;][vc_separator el_width=&#8221;50&#8243;][vc_row_inner][vc_column_inner width=&#8221;1\/12&#8243;][\/vc_column_inner][vc_column_inner width=&#8221;10\/12&#8243;][vc_column_text]<\/p>\n<p style=\"font-size: 18px; text-align: center;\"><b>Sehen Sie im Detail unsere Einrichtungen und Dienstleistungen<\/b><\/p>\n<p>[\/vc_column_text][\/vc_column_inner][vc_column_inner width=&#8221;1\/12&#8243;][\/vc_column_inner][\/vc_row_inner][vc_empty_space height=&#8221;25px&#8221;][\/vc_column][\/vc_row][vc_row][vc_column width=&#8221;2\/3&#8243;][vc_custom_heading text=&#8221;Was wir Ihnen anbieten&#8221;][vc_separator align=&#8221;align_left&#8221; el_width=&#8221;30&#8243;][vc_row_inner][vc_column_inner width=&#8221;1\/2&#8243;][vc_column_text]<\/p>\n<p style=\"font-size: 18px; line-height: 27px;\"><i class=\"fa fa-check\"><\/i> Klimaanlage<br \/>\n<i class=\"fa fa-check\"><\/i> Babybett<br \/>\n<i class=\"fa fa-check\"><\/i> Sicht vom Meer aus<br \/>\n<i class=\"fa fa-check\"><\/i> Badezimmer mit Dusche<br \/>\n<i class=\"fa fa-check\"><\/i> Handt\u00fccher und Bettw\u00e4sche werden zweimal pro Woche gewechselt<br \/>\n<i class=\"fa fa-check\"><\/i> Lager<br \/>\n<i class=\"fa fa-check\"><\/i> Besteck und Utensilien<br \/>\n<i class=\"fa fa-check\"><\/i> Esstisch<br \/>\n<i class=\"fa fa-check\"><\/i> Doppelt verglaste Fenster<\/p>\n<p>[\/vc_column_text][\/vc_column_inner][vc_column_inner width=&#8221;1\/2&#8243;][vc_column_text]<\/p>\n<p style=\"font-size: 18px; line-height: 27px;\"><i class=\"fa fa-check\"><\/i> Zitronenpresse<br \/>\n<i class=\"fa fa-check\"><\/i> Zustellbetten<br \/>\n<i class=\"fa fa-check\"><\/i> WiFi Internet<br \/>\n<i class=\"fa fa-check\"><\/i> Korb mit Raki und kretischen S\u00fc\u00dfigkeiten<br \/>\n<i class=\"fa fa-check\"><\/i> K\u00fchlschrank<br \/>\n<i class=\"fa fa-check\"><\/i> Privater Balkon oder Terrasse<br \/>\n<i class=\"fa fa-check\"><\/i> Ger\u00e4umiger Kleiderschrank<br \/>\n<i class=\"fa fa-check\"><\/i> Haartrockner (auf Anfrage)<br \/>\n<i class=\"fa fa-check\"><\/i> Eine Reihe von Liegest\u00fchlen und Sonnenschirmen ist f\u00fcr Hotelg\u00e4ste kostenlos<\/p>\n<p>[\/vc_column_text][\/vc_column_inner][\/vc_row_inner][\/vc_column][vc_column width=&#8221;1\/3&#8243;][vc_custom_heading text=&#8221;Anlagen&#8221;][vc_separator align=&#8221;align_left&#8221; el_width=&#8221;50&#8243;][vc_column_text]<\/p>\n<p style=\"font-size: 18px; line-height: 27px;\"><i class=\"fa fa-check\"><\/i> Sicht vom Meer aus<br \/>\n<i class=\"fa fa-check\"><\/i> Gehen Sie zum n\u00e4chsten Restaurant<br \/>\n<i class=\"fa fa-check\"><\/i> Handt\u00fccher und Bettw\u00e4sche<br \/>\n<i class=\"fa fa-check\"><\/i> Privater Parkplatz<br \/>\n<i class=\"fa fa-check\"><\/i> W\u00e4sche- und B\u00fcgelservice<br \/>\n<i class=\"fa fa-check\"><\/i> Garten<br \/>\n<i class=\"fa fa-check\"><\/i> Express Check In \/ Check Out<br \/>\n<i class=\"fa fa-check\"><\/i> WiFi Internet<br \/>\n<i class=\"fa fa-check\"><\/i> Haustiere Willkommen von der Einstellung<br \/>\n<i class=\"fa fa-check\"><\/i> Strand \/ Meer<\/p>\n<p>[\/vc_column_text][vc_widget_sidebar][\/vc_column][\/vc_row][vc_row][vc_column width=&#8221;2\/3&#8243;][vc_custom_heading text=&#8221;Informationen \u00fcber die Band&#8221; font_container=&#8221;tag:h3|text_align:left&#8221;][vc_separator align=&#8221;align_left&#8221; el_width=&#8221;30&#8243;][vc_row_inner][vc_column_inner width=&#8221;1\/3&#8243;][vc_column_text]<i class=\"fa fa-check\"><\/i> Typ: <strong>Wohnungen &#8211; Studios<\/strong>[\/vc_column_text][\/vc_column_inner][vc_column_inner width=&#8221;1\/3&#8243;][vc_column_text]<i class=\"fa fa-check\"><\/i> Zimmer: <strong>12<\/strong>[\/vc_column_text][\/vc_column_inner][vc_column_inner width=&#8221;1\/3&#8243;][vc_column_text]<i class=\"fa fa-check\"><\/i>Schwimmbad: <strong>Nicht verf\u00fcgbar<\/strong>[\/vc_column_text][\/vc_column_inner][\/vc_row_inner][vc_row_inner][vc_column_inner width=&#8221;1\/3&#8243;][vc_column_text]<i class=\"fa fa-check\"><\/i> Kinder: <strong>Erlaubt<\/strong>[\/vc_column_text][\/vc_column_inner][vc_column_inner width=&#8221;1\/3&#8243;][vc_column_text]<i class=\"fa fa-check\"><\/i> Ge\u00f6ffnet: <strong>Mai &#8211; Oktober<\/strong>[\/vc_column_text][\/vc_column_inner][vc_column_inner width=&#8221;1\/3&#8243;][vc_column_text]<i class=\"fa fa-check\"><\/i>Zugang f\u00fcr Behinderte: <strong>Nicht geeignet<\/strong>[\/vc_column_text][\/vc_column_inner][\/vc_row_inner][\/vc_column][vc_column width=&#8221;1\/3&#8243;][vc_custom_heading text=&#8221;Empfohlen f\u00fcr&#8221; font_container=&#8221;tag:h3|text_align:left&#8221;][vc_separator align=&#8221;align_left&#8221; el_width=&#8221;20&#8243;][vc_column_text]<\/p>\n<p style=\"font-size: 16px;\"><i class=\"fa fa-check-square\" aria-hidden=\"true\"><\/i> <em>Wunderbare Aussicht<\/em><\/p>\n<p style=\"font-size: 16px;\"><i class=\"fa fa-check-square\" aria-hidden=\"true\"><\/i> <em>Strand \/ Meer<\/em><\/p>\n<p style=\"font-size: 16px;\"><i class=\"fa fa-check-square\" aria-hidden=\"true\"><\/i> <em>Ideal f\u00fcr Familien<\/em><\/p>\n<p style=\"font-size: 16px;\"><i class=\"fa fa-check-square\" aria-hidden=\"true\"><\/i> <em>Gastfreundschaft der Familie<\/em><\/p>\n<p>[\/vc_column_text][\/vc_column][\/vc_row][vc_row][vc_column][vc_custom_heading text=&#8221;Ern\u00e4hrung&#8221; font_container=&#8221;tag:h3|text_align:left&#8221;][vc_separator align=&#8221;align_left&#8221; el_width=&#8221;20&#8243;][vc_column_text]<\/p>\n<h3>In den Akti Rooms gibt es kein Fr\u00fchst\u00fcck<\/h3>\n<p>Sie haben jedoch eine eigene K\u00fcchenzeile oder eine voll ausgestattete K\u00fcche, um einfache Mahlzeiten, Snacks und Kaffee zuzubereiten und die atemberaubende Aussicht von Ihrem Balkon aus zu genie\u00dfen. Xerokampos hat erstaunliche Tavernen und Caf\u00e9s f\u00fcr Ihr Essen, Kaffee oder Getr\u00e4nk.[\/vc_column_text][\/vc_column][\/vc_row][vc_row full_width=&#8221;stretch_row&#8221; shadow_x_offset=&#8221;0&#8243; shadow_y_offset=&#8221;0&#8243; shadow_blur=&#8221;0&#8243; shadow_spread=&#8221;0&#8243; shadow_color=&#8221;&#8221; css=&#8221;.vc_custom_1553950323751{margin-bottom: -70px !important;background-image: url(http:\/\/aktirooms.com\/wp-content\/uploads\/2019\/03\/bg-seamagic.jpg?id=1176) !important;}&#8221;][vc_column][vc_empty_space height=&#8221;300px&#8221;][\/vc_column][\/vc_row]<\/p>\n","protected":false},"excerpt":{"rendered":"<p>[vc_row][vc_column][vc_custom_heading text=&#8221;Leistungen&#8221; font_container=&#8221;tag:h2|font_size:60|text_align:center&#8221;][vc_separator el_width=&#8221;50&#8243;][vc_row_inner][vc_column_inner width=&#8221;1\/12&#8243;][\/vc_column_inner][vc_column_inner width=&#8221;10\/12&#8243;][vc_column_text] Sehen Sie im Detail unsere Einrichtungen und Dienstleistungen [\/vc_column_text][\/vc_column_inner][vc_column_inner width=&#8221;1\/12&#8243;][\/vc_column_inner][\/vc_row_inner][vc_empty_space height=&#8221;25px&#8221;][\/vc_column][\/vc_row][vc_row][vc_column width=&#8221;2\/3&#8243;][vc_custom_heading text=&#8221;Was wir Ihnen anbieten&#8221;][vc_separator align=&#8221;align_left&#8221; el_width=&#8221;30&#8243;][vc_row_inner][vc_column_inner width=&#8221;1\/2&#8243;][vc_column_text] Klimaanlage Babybett Sicht vom Meer aus Badezimmer mit Dusche Handt\u00fccher und Bettw\u00e4sche werden zweimal pro Woche gewechselt Lager Besteck und Utensilien Esstisch Doppelt verglaste Fenster [\/vc_column_text][\/vc_column_inner][vc_column_inner width=&#8221;1\/2&#8243;][vc_column_text] Zitronenpresse Zustellbetten WiFi [&hellip;]<\/p>\n","protected":false},"author":1,"featured_media":0,"parent":0,"menu_order":0,"comment_status":"closed","ping_status":"closed","template":"","meta":{"footnotes":""},"yst_prominent_words":[],"class_list":["post-1971","page","type-page","status-publish","hentry"],"_links":{"self":[{"href":"https:\/\/aktirooms.com\/de\/wp-json\/wp\/v2\/pages\/1971","targetHints":{"allow":["GET"]}}],"collection":[{"href":"https:\/\/aktirooms.com\/de\/wp-json\/wp\/v2\/pages"}],"about":[{"href":"https:\/\/aktirooms.com\/de\/wp-json\/wp\/v2\/types\/page"}],"author":[{"embeddable":true,"href":"https:\/\/aktirooms.com\/de\/wp-json\/wp\/v2\/users\/1"}],"replies":[{"embeddable":true,"href":"https:\/\/aktirooms.com\/de\/wp-json\/wp\/v2\/comments?post=1971"}],"version-history":[{"count":2,"href":"https:\/\/aktirooms.com\/de\/wp-json\/wp\/v2\/pages\/1971\/revisions"}],"predecessor-version":[{"id":1973,"href":"https:\/\/aktirooms.com\/de\/wp-json\/wp\/v2\/pages\/1971\/revisions\/1973"}],"wp:attachment":[{"href":"https:\/\/aktirooms.com\/de\/wp-json\/wp\/v2\/media?parent=1971"}],"wp:term":[{"taxonomy":"yst_prominent_words","embeddable":true,"href":"https:\/\/aktirooms.com\/de\/wp-json\/wp\/v2\/yst_prominent_words?post=1971"}],"curies":[{"name":"wp","href":"https:\/\/api.w.org\/{rel}","templated":true}]}}