{"id":1963,"date":"2019-03-30T20:11:19","date_gmt":"2019-03-30T20:11:19","guid":{"rendered":"https:\/\/aktirooms.com\/location\/"},"modified":"2021-06-11T09:03:58","modified_gmt":"2021-06-11T09:03:58","slug":"location","status":"publish","type":"page","link":"https:\/\/aktirooms.com\/de\/location\/","title":{"rendered":"Lage"},"content":{"rendered":"<p>[vc_row full_width=&#8221;stretch_row&#8221; shadow_x_offset=&#8221;0&#8243; shadow_y_offset=&#8221;0&#8243; shadow_blur=&#8221;0&#8243; shadow_spread=&#8221;0&#8243; shadow_color=&#8221;&#8221;][vc_column][vc_empty_space height=&#8221;52px&#8221;][vc_custom_heading text=&#8221;LAGE&#8221; font_container=&#8221;tag:h2|font_size:50|text_align:center&#8221; link=&#8221;url:%23location|||&#8221; el_id=&#8221;location&#8221;][vc_zigzag el_width=&#8221;30&#8243;][vc_empty_space height=&#8221;52px&#8221;][\/vc_column][\/vc_row][vc_row full_width=&#8221;stretch_row&#8221; shadow_x_offset=&#8221;0&#8243; shadow_y_offset=&#8221;0&#8243; shadow_blur=&#8221;0&#8243; shadow_spread=&#8221;0&#8243; shadow_color=&#8221;&#8221;][vc_column width=&#8221;1\/2&#8243;][vc_custom_heading text=&#8221;Entfernungen&#8221;][vc_separator align=&#8221;align_left&#8221; el_width=&#8221;50&#8243;][vc_column_text]<\/p>\n<p style=\"font-size: 18px; line-height: 27px;\"><i class=\"fa fa-check\"><\/i> N\u00e4chster Strand \u2013 10m<br \/>\n<i class=\"fa fa-check\"><\/i> N\u00e4chstes Restaurant \u2013 650m<br \/>\n<i class=\"fa fa-check\"><\/i> Die n\u00e4chsten Gesch\u00e4fte \u2013 300m<br \/>\n<i class=\"fa fa-check\"><\/i> Sitia \u2013 47 km<br \/>\n<i class=\"fa fa-check\"><\/i> Flughafen Heraklion \u2013 Hafen (160 km)<br \/>\n<i class=\"fa fa-check\"><\/i> Flughafen Chania \u2013 310 km<br \/>\n<i class=\"fa fa-check\"><\/i> Ziros \u2013 19 km<br \/>\n<i class=\"fa fa-check\"><\/i> Zakros \/ Strand \u2013 19 km<br \/>\n<i class=\"fa fa-check\"><\/i> Palekastro \u2013 30 km<br \/>\n<i class=\"fa fa-check\"><\/i> Heiliges Kloster von Toplou \u2013 38 km<br \/>\n<i class=\"fa fa-check\"><\/i> Makrigialos Village \/ Beach \u2013 42 km<br \/>\n<i class=\"fa fa-check\"><\/i> Ierapetra \u2013 67 km<br \/>\n<i class=\"fa fa-check\"><\/i> Agios Nikolaos \u2013 103 km[\/vc_column_text][vc_empty_space][vc_custom_heading text=&#8221;LAGE&#8221; font_container=&#8221;tag:h3|text_align:left&#8221;][vc_separator align=&#8221;align_left&#8221; el_width=&#8221;50&#8243;][vc_column_text]In Xerokampos finden Sie viele Zimmer und Wohnungen zur Miete Tavernen und Minim\u00e4rkte. F\u00fcr Apotheke, Geldautomat, Tankstelle usw.\u00a0M\u00fcssen Sie nach Zakros fahren.[\/vc_column_text][vc_empty_space][\/vc_column][vc_column width=&#8221;1\/2&#8243;][vc_custom_heading text=&#8221;Wie kommt man&#8221; font_container=&#8221;tag:h2|text_align:center&#8221; link=&#8221;|||&#8221;][vc_separator el_width=&#8221;50&#8243;][vc_column_text]Um von Heraklion nach Xerokampos zu gelangen, f\u00fchrt der k\u00fcrzeste Weg \u00fcber Ierapetra. Nachdem Sie Agios Nikolaos passiert und Pachia Ammos erreicht haben, biegen Sie rechts in Ierapetra ab. Kurz vor dem Eingang von Ierapetra biegen Sie in Sitia links ab. Sie kommen an Makrigialos und dem Dorf Lithines vorbei. Dann erreichen Sie Papagiannades, wo es schlie\u00dft. Biegen Sie rechts ab in Richtung Armenous, Chandras, Ziros.<br \/>\n<strong>Mit dem Flugzeug<\/strong><br \/>\nVon Mai bis Mitte Oktober gibt es direkte Charterfl\u00fcge nach Sitia (47 km) und h\u00e4ufiger in die Hauptstadt Heraklion (160 km).<\/p>\n<p><strong>Mit dem Schiff<br \/>\n<\/strong>Eine gute M\u00f6glichkeit, Ihre Reise nach Kreta zu genie\u00dfen, besteht darin, nach Athen zu fliegen und die F\u00e4hre von Pir\u00e4us (Pir\u00e4us) zu nehmen \u2013 dem Hafen, der Athen bedient.<\/p>\n<p>Eine weitere romantische Art, vom Hafen von Pir\u00e4us zum Hafen von Heraklion (165 km) zu reisen.<\/p>\n<p><strong>Mit dem Auto<\/strong><br \/>\nWenn Sie die Gegend erkunden m\u00f6chten, w\u00e4hrend Sie hier sind, empfehlen wir Ihnen, ein Auto zu mieten. Andere Transportmittel sind begrenzt und \/ oder selten.[\/vc_column_text][vc_empty_space][\/vc_column][\/vc_row][vc_row full_width=&#8221;stretch_row_content_no_spaces&#8221; shadow_x_offset=&#8221;0&#8243; shadow_y_offset=&#8221;0&#8243; shadow_blur=&#8221;0&#8243; shadow_spread=&#8221;0&#8243; shadow_color=&#8221;&#8221; css=&#8221;.vc_custom_1553953944671{margin-bottom: -100px !important;}&#8221;][vc_column][vc_column_text]<iframe loading=\"lazy\" style=\"border: 0;\" src=\"https:\/\/www.google.com\/maps\/embed?pb=!1m18!1m12!1m3!1d4028.173751971516!2d26.219632815558374!3d35.03731827262212!2m3!1f0!2f0!3f0!3m2!1i1024!2i768!4f13.1!3m3!1m2!1s0x1490f785a1af279b%3A0x871e352952f9b21e!2sAkti+Rooms+Xerokampos+Crete!5e1!3m2!1sen!2sgr!4v1553899061877!5m2!1sen!2sgr\" width=\"1920\" height=\"600\" frameborder=\"0\" allowfullscreen=\"allowfullscreen\"><\/iframe>[\/vc_column_text][\/vc_column][\/vc_row][vc_row full_width=&#8221;stretch_row&#8221; shadow_x_offset=&#8221;0&#8243; shadow_y_offset=&#8221;0&#8243; shadow_blur=&#8221;0&#8243; shadow_spread=&#8221;0&#8243; shadow_color=&#8221;&#8221; css=&#8221;.vc_custom_1553950323751{margin-bottom: -70px !important;background-image: url(http:\/\/aktirooms.com\/wp-content\/uploads\/2019\/03\/bg-seamagic.jpg?id=1176) !important;}&#8221;][vc_column][vc_empty_space height=&#8221;300px&#8221;][\/vc_column][\/vc_row]<\/p>\n","protected":false},"excerpt":{"rendered":"<p>[vc_row full_width=&#8221;stretch_row&#8221; shadow_x_offset=&#8221;0&#8243; shadow_y_offset=&#8221;0&#8243; shadow_blur=&#8221;0&#8243; shadow_spread=&#8221;0&#8243; shadow_color=&#8221;&#8221;][vc_column][vc_empty_space height=&#8221;52px&#8221;][vc_custom_heading text=&#8221;LAGE&#8221; font_container=&#8221;tag:h2|font_size:50|text_align:center&#8221; link=&#8221;url:%23location|||&#8221; el_id=&#8221;location&#8221;][vc_zigzag el_width=&#8221;30&#8243;][vc_empty_space height=&#8221;52px&#8221;][\/vc_column][\/vc_row][vc_row full_width=&#8221;stretch_row&#8221; shadow_x_offset=&#8221;0&#8243; shadow_y_offset=&#8221;0&#8243; shadow_blur=&#8221;0&#8243; shadow_spread=&#8221;0&#8243; shadow_color=&#8221;&#8221;][vc_column width=&#8221;1\/2&#8243;][vc_custom_heading text=&#8221;Entfernungen&#8221;][vc_separator align=&#8221;align_left&#8221; el_width=&#8221;50&#8243;][vc_column_text] N\u00e4chster Strand \u2013 10m N\u00e4chstes Restaurant \u2013 650m Die n\u00e4chsten Gesch\u00e4fte \u2013 300m Sitia \u2013 47 km Flughafen Heraklion \u2013 Hafen (160 km) Flughafen Chania \u2013 310 km Ziros \u2013 19 [&hellip;]<\/p>\n","protected":false},"author":1,"featured_media":0,"parent":0,"menu_order":0,"comment_status":"closed","ping_status":"closed","template":"","meta":{"footnotes":""},"yst_prominent_words":[],"class_list":["post-1963","page","type-page","status-publish","hentry"],"_links":{"self":[{"href":"https:\/\/aktirooms.com\/de\/wp-json\/wp\/v2\/pages\/1963","targetHints":{"allow":["GET"]}}],"collection":[{"href":"https:\/\/aktirooms.com\/de\/wp-json\/wp\/v2\/pages"}],"about":[{"href":"https:\/\/aktirooms.com\/de\/wp-json\/wp\/v2\/types\/page"}],"author":[{"embeddable":true,"href":"https:\/\/aktirooms.com\/de\/wp-json\/wp\/v2\/users\/1"}],"replies":[{"embeddable":true,"href":"https:\/\/aktirooms.com\/de\/wp-json\/wp\/v2\/comments?post=1963"}],"version-history":[{"count":6,"href":"https:\/\/aktirooms.com\/de\/wp-json\/wp\/v2\/pages\/1963\/revisions"}],"predecessor-version":[{"id":2003,"href":"https:\/\/aktirooms.com\/de\/wp-json\/wp\/v2\/pages\/1963\/revisions\/2003"}],"wp:attachment":[{"href":"https:\/\/aktirooms.com\/de\/wp-json\/wp\/v2\/media?parent=1963"}],"wp:term":[{"taxonomy":"yst_prominent_words","embeddable":true,"href":"https:\/\/aktirooms.com\/de\/wp-json\/wp\/v2\/yst_prominent_words?post=1963"}],"curies":[{"name":"wp","href":"https:\/\/api.w.org\/{rel}","templated":true}]}}