{"id":1952,"date":"2019-03-30T11:40:58","date_gmt":"2019-03-30T11:40:58","guid":{"rendered":"https:\/\/aktirooms.com\/prices\/"},"modified":"2022-04-11T18:41:54","modified_gmt":"2022-04-11T18:41:54","slug":"prices","status":"publish","type":"page","link":"https:\/\/aktirooms.com\/de\/prices\/","title":{"rendered":"Preise"},"content":{"rendered":"<p>[vc_row][vc_column][vc_custom_heading text=&#8221;Zimmerpreise&#8221; font_container=&#8221;tag:h2|font_size:60|text_align:center&#8221;][vc_separator el_width=&#8221;50&#8243;][vc_row_inner][vc_column_inner width=&#8221;1\/12&#8243;][\/vc_column_inner][vc_column_inner width=&#8221;10\/12&#8243;][vc_column_text]<\/p>\n<p style=\"text-align: justify; font-size: 18px;\">Vom ersten Moment an werden Sie in unseren Apartments in <strong>Xerokampos<\/strong> eine warme und freundliche Atmosph\u00e4re sp\u00fcren und sich wie zu Hause f\u00fchlen. Alle Apartments sind klimatisiert und komplett ausgestattet. Sie sind auf einfache, aber elegante Weise in Farben dekoriert, die perfekt zur Umgebung der Region passen.<\/p>\n<p>[\/vc_column_text][\/vc_column_inner][vc_column_inner width=&#8221;1\/12&#8243;][\/vc_column_inner][\/vc_row_inner][vc_empty_space height=&#8221;25px&#8221;][vc_column_text]\n<table id=\"tablepress-3\" class=\"tablepress tablepress-id-3\">\n<thead>\n<tr class=\"row-1 odd\">\n\t<th class=\"column-1\">ZIMMERTYP<\/th><th class=\"column-2\">\u039c\u0391\u0399<\/th><th class=\"column-3\">JUNI<\/th><th class=\"column-4\">JULI<\/th><th class=\"column-5\">AUGUST<\/th><th class=\"column-6\">SEPTEMBER<\/th><th class=\"column-7\">OKTOBER<\/th>\n<\/tr>\n<\/thead>\n<tbody class=\"row-hover\">\n<tr class=\"row-2 even\">\n\t<td class=\"column-1\">Studio<\/td><td class=\"column-2\">55\u20ac<\/td><td class=\"column-3\">60\u20ac<\/td><td class=\"column-4\">65\u20ac<\/td><td class=\"column-5\">65\u20ac<\/td><td class=\"column-6\">65\u20ac<\/td><td class=\"column-7\">60\u20ac<\/td>\n<\/tr>\n<tr class=\"row-3 odd\">\n\t<td class=\"column-1\">Doppelschlafzimmer-Wohnung-(Erdgeschoss)<\/td><td class=\"column-2\">75\u20ac<\/td><td class=\"column-3\">80\u20ac<\/td><td class=\"column-4\">90\u20ac<\/td><td class=\"column-5\">95\u20ac<\/td><td class=\"column-6\">90\u20ac<\/td><td class=\"column-7\">85\u20ac<\/td>\n<\/tr>\n<tr class=\"row-4 even\">\n\t<td class=\"column-1\">Doppelschlafzimmer-Wohnung<\/td><td class=\"column-2\">80\u20ac<\/td><td class=\"column-3\">85\u20ac<\/td><td class=\"column-4\">95\u20ac<\/td><td class=\"column-5\">100\u20ac<\/td><td class=\"column-6\">95\u20ac<\/td><td class=\"column-7\">90\u20ac<\/td>\n<\/tr>\n<\/tbody>\n<\/table>\n<!-- #tablepress-3 from cache -->[\/vc_column_text][vc_column_text]Im Studio im ersten Stock kann auf Anfrage und Zustellbett gegen Aufpreis <strong>5 \u20ac \/ Tag angepasst werden.<\/strong><\/p>\n<p><strong>* Wichtiger Hinweis: <\/strong>Die Unterkunftssteuer pro Nacht betr\u00e4gt <strong>0,5 \u20ac<\/strong>[\/vc_column_text][vc_empty_space][vc_custom_heading text=&#8221;Stornierungsbedingungen&#8221; font_container=&#8221;tag:h2|font_size:60|text_align:center&#8221;][vc_separator el_width=&#8221;50&#8243;][vc_row_inner][vc_column_inner width=&#8221;1\/12&#8243;][\/vc_column_inner][vc_column_inner width=&#8221;10\/12&#8243;][vc_column_text]Die Apartments und Zimmer sind ab 14:00 Uhr am Ankunftsdatum bis 12:00 Uhr am Abreisetag verf\u00fcgbar.<\/p>\n<p>Anzahlung, die Sie auf 25% der Gesamtreservierung per Bank\u00fcberweisung an die Nationalbank von Griechenland, mit Angaben zum Nachnamen, dem erforderlichen Zeitraum und der Art des Aufenthalts.<\/p>\n<p>Im Falle von Stornierungsanfragen m\u00fcssen wir unverz\u00fcglich vor 21 Tagen ab Ankunftsdatum per E-Mail oder Telefon informiert werden, andernfalls wird keine Anzahlung zur\u00fcckerstattet.<\/p>\n<p>Aus diesem Grund wird der Vertrag in \u00dcbereinstimmung mit der griechischen Tourismusorganisation (EOT) geregelt und ausgelegt, und die griechischen Gerichte von Neapel sind ausschlie\u00dflich f\u00fcr etwaige Streitigkeiten zust\u00e4ndig.[\/vc_column_text][\/vc_column_inner][vc_column_inner width=&#8221;1\/12&#8243;][\/vc_column_inner][\/vc_row_inner][\/vc_column][\/vc_row][vc_row full_width=&#8221;stretch_row&#8221; shadow_x_offset=&#8221;0&#8243; shadow_y_offset=&#8221;0&#8243; shadow_blur=&#8221;0&#8243; shadow_spread=&#8221;0&#8243; shadow_color=&#8221;&#8221; css=&#8221;.vc_custom_1553950323751{margin-bottom: -70px !important;background-image: url(http:\/\/aktirooms.com\/wp-content\/uploads\/2019\/03\/bg-seamagic.jpg?id=1176) !important;}&#8221;][vc_column][vc_empty_space height=&#8221;300px&#8221;][\/vc_column][\/vc_row]<\/p>\n","protected":false},"excerpt":{"rendered":"<p>[vc_row][vc_column][vc_custom_heading text=&#8221;Zimmerpreise&#8221; font_container=&#8221;tag:h2|font_size:60|text_align:center&#8221;][vc_separator el_width=&#8221;50&#8243;][vc_row_inner][vc_column_inner width=&#8221;1\/12&#8243;][\/vc_column_inner][vc_column_inner width=&#8221;10\/12&#8243;][vc_column_text] Vom ersten Moment an werden Sie in unseren Apartments in Xerokampos eine warme und freundliche Atmosph\u00e4re sp\u00fcren und sich wie zu Hause f\u00fchlen. Alle Apartments sind klimatisiert und komplett ausgestattet. Sie sind auf einfache, aber elegante Weise in Farben dekoriert, die perfekt zur Umgebung der Region passen. [\/vc_column_text][\/vc_column_inner][vc_column_inner width=&#8221;1\/12&#8243;][\/vc_column_inner][\/vc_row_inner][vc_empty_space [&hellip;]<\/p>\n","protected":false},"author":1,"featured_media":0,"parent":0,"menu_order":0,"comment_status":"closed","ping_status":"closed","template":"","meta":{"footnotes":""},"yst_prominent_words":[],"class_list":["post-1952","page","type-page","status-publish","hentry"],"_links":{"self":[{"href":"https:\/\/aktirooms.com\/de\/wp-json\/wp\/v2\/pages\/1952","targetHints":{"allow":["GET"]}}],"collection":[{"href":"https:\/\/aktirooms.com\/de\/wp-json\/wp\/v2\/pages"}],"about":[{"href":"https:\/\/aktirooms.com\/de\/wp-json\/wp\/v2\/types\/page"}],"author":[{"embeddable":true,"href":"https:\/\/aktirooms.com\/de\/wp-json\/wp\/v2\/users\/1"}],"replies":[{"embeddable":true,"href":"https:\/\/aktirooms.com\/de\/wp-json\/wp\/v2\/comments?post=1952"}],"version-history":[{"count":6,"href":"https:\/\/aktirooms.com\/de\/wp-json\/wp\/v2\/pages\/1952\/revisions"}],"predecessor-version":[{"id":2255,"href":"https:\/\/aktirooms.com\/de\/wp-json\/wp\/v2\/pages\/1952\/revisions\/2255"}],"wp:attachment":[{"href":"https:\/\/aktirooms.com\/de\/wp-json\/wp\/v2\/media?parent=1952"}],"wp:term":[{"taxonomy":"yst_prominent_words","embeddable":true,"href":"https:\/\/aktirooms.com\/de\/wp-json\/wp\/v2\/yst_prominent_words?post=1952"}],"curies":[{"name":"wp","href":"https:\/\/api.w.org\/{rel}","templated":true}]}}