{"id":1939,"date":"2018-06-07T06:42:06","date_gmt":"2018-06-07T06:42:06","guid":{"rendered":"https:\/\/aktirooms.com\/accommodation\/"},"modified":"2023-11-22T20:20:51","modified_gmt":"2023-11-22T20:20:51","slug":"accommodation","status":"publish","type":"page","link":"https:\/\/aktirooms.com\/de\/accommodation\/","title":{"rendered":"Unterkunft"},"content":{"rendered":"<p>[vc_row][vc_column][vc_empty_space][vc_custom_heading text=&#8221;Unterkunft&#8221; font_container=&#8221;tag:h2|font_size:60|text_align:center&#8221;][vc_separator el_width=&#8221;50&#8243;][vc_column_text]<\/p>\n<p style=\"text-align: center; font-size: 18px;\">Akti Rooms verf\u00fcgt \u00fcber 10 Studios und 2 Apartments. W\u00e4hlen Sie, was Ihren Bed\u00fcrfnissen entspricht!<\/p>\n<p>[\/vc_column_text][vc_empty_space height=&#8221;42px&#8221;][\/vc_column][\/vc_row][vc_row][vc_column width=&#8221;1\/3&#8243;][vc_custom_heading text=&#8221;Studio<br \/>\nZimmer&#8221; font_container=&#8221;tag:h3|text_align:center&#8221;][vc_separator el_width=&#8221;30&#8243;][vc_empty_space height=&#8221;22px&#8221;][vc_single_image image=&#8221;1849&#8243; img_size=&#8221;full&#8221; alignment=&#8221;center&#8221; style=&#8221;vc_box_shadow_border&#8221;][vc_column_text]Die<strong> Studios<\/strong> sind f\u00fcr 2 Personen (2 Personen und ein Baby &#8211; maximal) und haben Doppelzimmer ein Bett. Vier der Studios haben ein Zustellbett.[\/vc_column_text][vc_btn title=&#8221;Informationen&#8230;&#8221; size=&#8221;lg&#8221; align=&#8221;center&#8221; i_icon_fontawesome=&#8221;fa fa-bed&#8221; button_block=&#8221;true&#8221; add_icon=&#8221;true&#8221; link=&#8221;url:http%3A%2F%2Faktirooms.com%2Fde%2Fstudio%2F|title:Room%20details||&#8221;][\/vc_column][vc_column width=&#8221;1\/3&#8243;][vc_custom_heading text=&#8221;Doppelschlafzimmer-Wohnung (Erdgeschoss)&#8221; font_container=&#8221;tag:h3|text_align:center&#8221;][vc_separator el_width=&#8221;60&#8243;][vc_empty_space height=&#8221;22px&#8221;][vc_single_image image=&#8221;2267&#8243; img_size=&#8221;full&#8221; alignment=&#8221;center&#8221; style=&#8221;vc_box_shadow_border&#8221;][vc_column_text]Es gibt eine <strong>Wohnung im Erdgeschoss mit zwei Schlafzimmern<\/strong> mit Doppelbett und bis zu 2 Zustellbetten im Wohnzimmer \/ in der K\u00fcche.[\/vc_column_text][vc_btn title=&#8221;Informationen&#8230;&#8221; size=&#8221;lg&#8221; align=&#8221;center&#8221; i_icon_fontawesome=&#8221;fa fa-bed&#8221; button_block=&#8221;true&#8221; add_icon=&#8221;true&#8221; link=&#8221;url:https%3A%2F%2Faktirooms.com%2Fde%2Fdouble-bedroom-apartment%2F|title:Room%20details||&#8221;][\/vc_column][vc_column width=&#8221;1\/3&#8243;][vc_custom_heading text=&#8221;Doppelschlafzimmer-Wohnung&#8221; font_container=&#8221;tag:h3|text_align:center&#8221;][vc_separator el_width=&#8221;60&#8243;][vc_empty_space height=&#8221;22px&#8221;][vc_single_image image=&#8221;1879&#8243; img_size=&#8221;full&#8221; alignment=&#8221;center&#8221; style=&#8221;vc_box_shadow_border&#8221;][vc_column_text]Es gibt ein <strong>2-Zimmer-Apartment<\/strong> im ersten Stock mit 2 separaten Schlafzimmern, eines mit einem Doppelbett und eines mit zwei Einzelbetten.[\/vc_column_text][vc_btn title=&#8221;Informationen&#8230;&#8221; size=&#8221;lg&#8221; align=&#8221;center&#8221; i_icon_fontawesome=&#8221;fa fa-bed&#8221; button_block=&#8221;true&#8221; add_icon=&#8221;true&#8221; link=&#8221;url:https%3A%2F%2Faktirooms.com%2Fde%2Fthree-rooms-apartment%2F|title:Room%20details||&#8221;][\/vc_column][\/vc_row][vc_row full_width=&#8221;stretch_row&#8221; shadow_x_offset=&#8221;0&#8243; shadow_y_offset=&#8221;0&#8243; shadow_blur=&#8221;0&#8243; shadow_spread=&#8221;0&#8243; shadow_color=&#8221;&#8221; css=&#8221;.vc_custom_1553950323751{margin-bottom: -70px !important;background-image: url(http:\/\/aktirooms.com\/wp-content\/uploads\/2019\/03\/bg-seamagic.jpg?id=1176) !important;}&#8221;][vc_column][vc_empty_space height=&#8221;300px&#8221;][\/vc_column][\/vc_row]<\/p>\n","protected":false},"excerpt":{"rendered":"<p>[vc_row][vc_column][vc_empty_space][vc_custom_heading text=&#8221;Unterkunft&#8221; font_container=&#8221;tag:h2|font_size:60|text_align:center&#8221;][vc_separator el_width=&#8221;50&#8243;][vc_column_text] Akti Rooms verf\u00fcgt \u00fcber 10 Studios und 2 Apartments. W\u00e4hlen Sie, was Ihren Bed\u00fcrfnissen entspricht! [\/vc_column_text][vc_empty_space height=&#8221;42px&#8221;][\/vc_column][\/vc_row][vc_row][vc_column width=&#8221;1\/3&#8243;][vc_custom_heading text=&#8221;Studio Zimmer&#8221; font_container=&#8221;tag:h3|text_align:center&#8221;][vc_separator el_width=&#8221;30&#8243;][vc_empty_space height=&#8221;22px&#8221;][vc_single_image image=&#8221;1849&#8243; img_size=&#8221;full&#8221; alignment=&#8221;center&#8221; style=&#8221;vc_box_shadow_border&#8221;][vc_column_text]Die Studios sind f\u00fcr 2 Personen (2 Personen und ein Baby &#8211; maximal) und haben Doppelzimmer ein Bett. Vier der Studios haben ein Zustellbett.[\/vc_column_text][vc_btn title=&#8221;Informationen&#8230;&#8221; [&hellip;]<\/p>\n","protected":false},"author":1,"featured_media":0,"parent":0,"menu_order":0,"comment_status":"closed","ping_status":"closed","template":"","meta":{"footnotes":""},"yst_prominent_words":[112],"class_list":["post-1939","page","type-page","status-publish","hentry"],"_links":{"self":[{"href":"https:\/\/aktirooms.com\/de\/wp-json\/wp\/v2\/pages\/1939","targetHints":{"allow":["GET"]}}],"collection":[{"href":"https:\/\/aktirooms.com\/de\/wp-json\/wp\/v2\/pages"}],"about":[{"href":"https:\/\/aktirooms.com\/de\/wp-json\/wp\/v2\/types\/page"}],"author":[{"embeddable":true,"href":"https:\/\/aktirooms.com\/de\/wp-json\/wp\/v2\/users\/1"}],"replies":[{"embeddable":true,"href":"https:\/\/aktirooms.com\/de\/wp-json\/wp\/v2\/comments?post=1939"}],"version-history":[{"count":10,"href":"https:\/\/aktirooms.com\/de\/wp-json\/wp\/v2\/pages\/1939\/revisions"}],"predecessor-version":[{"id":2273,"href":"https:\/\/aktirooms.com\/de\/wp-json\/wp\/v2\/pages\/1939\/revisions\/2273"}],"wp:attachment":[{"href":"https:\/\/aktirooms.com\/de\/wp-json\/wp\/v2\/media?parent=1939"}],"wp:term":[{"taxonomy":"yst_prominent_words","embeddable":true,"href":"https:\/\/aktirooms.com\/de\/wp-json\/wp\/v2\/yst_prominent_words?post=1939"}],"curies":[{"name":"wp","href":"https:\/\/api.w.org\/{rel}","templated":true}]}}