{"id":1861,"date":"2019-03-30T13:43:53","date_gmt":"2019-03-30T13:43:53","guid":{"rendered":"https:\/\/aktirooms.com\/contact\/"},"modified":"2021-06-11T16:39:51","modified_gmt":"2021-06-11T16:39:51","slug":"contact","status":"publish","type":"page","link":"https:\/\/aktirooms.com\/de\/contact\/","title":{"rendered":"Kontakt"},"content":{"rendered":"<p>[vc_row shadow_x_offset=&#8221;0&#8243; shadow_y_offset=&#8221;0&#8243; shadow_blur=&#8221;0&#8243; shadow_spread=&#8221;0&#8243; shadow_color=&#8221;&#8221; css=&#8221;.vc_custom_1553973790654{padding-top: 20px !important;}&#8221;][vc_column shadow_x_offset=&#8221;0&#8243; shadow_y_offset=&#8221;0&#8243; shadow_blur=&#8221;0&#8243; shadow_spread=&#8221;0&#8243; shadow_color=&#8221;&#8221; offset=&#8221;vc_col-lg-8 vc_col-md-8&#8243;][vc_custom_heading text=&#8221;Kontaktiere uns&#8221; font_container=&#8221;tag:h3|text_align:left&#8221;][vc_column_text]<\/p>\n<div class=\"tlid-input input\">\n<div class=\"source-wrap\">\n<div class=\"input-full-height-wrapper tlid-input-full-height-wrapper\">\n<div class=\"source-input\">\n<div class=\"source-footer-wrap source-or-target-footer\">\n<div class=\"character-count tlid-character-count\">\n<div class=\"cc-ctr normal\">Z\u00f6gern Sie nicht, uns zu kontaktieren, wenn Sie weitere Informationen ben\u00f6tigen. Wir helfen Ihnen gerne weiter. Danke f\u00fcr dein Interesse.<\/div>\n<\/div>\n<\/div>\n<\/div>\n<\/div>\n<\/div>\n<\/div>\n<p>[\/vc_column_text][vc_column_text]<div id=\"vfb-form-3\" class=\"visual-form-builder-container\"><form id=\"%cf%86%cf%8c%cf%81%ce%bc%ce%b1-%ce%b5%cf%80%ce%b9%ce%ba%ce%bf%ce%b9%ce%bd%cf%89%ce%bd%ce%af%ce%b1%cf%82-german-3\" class=\"visual-form-builder vfb-form-3 \" method=\"post\" enctype=\"multipart\/form-data\">\n\t\t\t<input type=\"hidden\" name=\"form_id\" value=\"3\" \/><fieldset class=\"vfb-fieldset vfb-fieldset-1 personliche-informationen \" id=\"item-vfb-45\"><div class=\"vfb-legend\"><h3>Pers\u00f6nliche Informationen<\/h3><\/div><ul class=\"vfb-section vfb-section-1\"><li class=\"vfb-item vfb-item-text   vfb-left-half\" id=\"item-vfb-42\"><label for=\"vfb-42\" class=\"vfb-desc\">Vollst\u00e4ndiger Name <\/label><span class=\"vfb-span\"><input type=\"text\" name=\"vfb-42\" id=\"vfb-42\" value=\"\" class=\"vfb-text  vfb-medium   \" \/><label>Geben Sie Vor-und Nachnamen ein<\/label><\/span><\/li><li class=\"vfb-item vfb-item-email   vfb-right-half\" id=\"item-vfb-43\"><label for=\"vfb-43\" class=\"vfb-desc\">Email <\/label><span class=\"vfb-span\"><input type=\"email\" name=\"vfb-43\" id=\"vfb-43\" value=\"\" class=\"vfb-text  vfb-medium   email \" \/><label>Geben sie ihre E-Mail Adresse ein<\/label><\/span><\/li><div id=\"item-vfb-48\" class=\"vfb-section-div \"><h4>Buchungsinformation<\/h4><\/div><div class=\"vfb-clear\"><\/div><li class=\"vfb-item vfb-item-date   vfb-left-half\" id=\"item-vfb-46\"><label for=\"vfb-46\" class=\"vfb-desc\">Ankunftsdatum  <span class=\"vfb-required-asterisk\">*<\/span><\/label><input type=\"text\" name=\"vfb-46\" id=\"vfb-46\" value=\"\" class=\"vfb-text vfb-date-picker  vfb-medium  required \" data-dp-dateFormat=\"mm\/dd\/yy\" \/><\/li><li class=\"vfb-item vfb-item-date   vfb-right-half\" id=\"item-vfb-47\"><label for=\"vfb-47\" class=\"vfb-desc\">Abreisedatum  <span class=\"vfb-required-asterisk\">*<\/span><\/label><input type=\"text\" name=\"vfb-47\" id=\"vfb-47\" value=\"\" class=\"vfb-text vfb-date-picker  vfb-medium  required \" data-dp-dateFormat=\"mm\/dd\/yy\" \/><\/li><li class=\"vfb-item vfb-item-text   vfb-left-half\" id=\"item-vfb-49\"><label for=\"vfb-49\" class=\"vfb-desc\">Anzahl der Erwachsenen <\/label><input type=\"text\" name=\"vfb-49\" id=\"vfb-49\" value=\"\" class=\"vfb-text  vfb-medium   \" \/><\/li><li class=\"vfb-item vfb-item-text   vfb-right-half\" id=\"item-vfb-50\"><label for=\"vfb-50\" class=\"vfb-desc\">Anzahl der Kinder <\/label><input type=\"text\" name=\"vfb-50\" id=\"vfb-50\" value=\"\" class=\"vfb-text  vfb-medium   \" \/><\/li><li class=\"vfb-item vfb-item-textarea  \" id=\"item-vfb-44\"><label for=\"vfb-44\" class=\"vfb-desc\">E-Mail-Nachricht <\/label><div><textarea name=\"vfb-44\" id=\"vfb-44\" class=\"vfb-textarea  vfb-medium  \"><\/textarea><\/div><\/li><\/ul>&nbsp;<\/fieldset><fieldset class=\"vfb-fieldset vfb-fieldset-2 beweise-dass-du-ein-mensch-bist \" id=\"item-vfb-39\" style=\"display:block\"><div class=\"vfb-legend\"><h3>Beweise, dass du ein Mensch bist<\/h3><\/div><ul class=\"vfb-section vfb-section-2\"><li class=\"vfb-item vfb-item-secret\"  style=\"display:block\"><label for=\"vfb-40\" class=\"vfb-desc\">Geben Sie 2 beliebige Ziffern ein <span class=\"vfb-required-asterisk\">*<\/span><\/label><input type=\"hidden\" name=\"_vfb-secret\" value=\"vfb-40\" \/><span class=\"vfb-span\"><input type=\"text\" name=\"vfb-40\" id=\"vfb-40\" value=\"\" class=\"vfb-text  vfb-medium  required {digits:true,maxlength:2,minlength:2} \" style=\"display:block\" \/><label>Beispiel: 12<\/label><\/span><li style=\"display:none;\"><label>This box is for spam protection - <strong>please leave it blank<\/strong>:<\/label><div><input name=\"vfb-spam\" \/><\/div><\/li>\n\t\t\t<li class=\"vfb-item vfb-item-submit\" id=\"item-vfb-41\">\n\t\t\t\t\t\t<input type=\"submit\" name=\"vfb-submit\" id=\"vfb-41\" value=\"senden\" class=\"vfb-submit \" \/>\n\t\t\t\t\t\t<\/li><\/ul>\n\t\t\t<\/fieldset><input type=\"hidden\" name=\"_wp_http_referer\" value=\"\/de\/wp-json\/wp\/v2\/pages\/1861\" \/><\/form><\/div> <!-- .visual-form-builder-container -->[\/vc_column_text][\/vc_column][vc_column shadow_x_offset=&#8221;0&#8243; shadow_y_offset=&#8221;0&#8243; shadow_blur=&#8221;0&#8243; shadow_spread=&#8221;0&#8243; offset=&#8221;vc_col-lg-4 vc_col-md-4&#8243;][vc_custom_heading text=&#8221;Kontaktinformation&#8221; font_container=&#8221;tag:h3|text_align:left&#8221;][vc_column_text]Xerokampos Ziros Sitia<br \/>\nLassithi Kreta<br \/>\nHellas<\/p>\n<p><strong>aktirooms@gmail.com<\/strong><\/p>\n<p>Tel. <a href=\"tel:302843026780\">28430 26780<\/a><\/p>\n<p>Fax. <a href=\"tel:302843026780\">28430 26780<\/a><\/p>\n<p>Mob. <a href=\"tel:306939686314\">6939 686 314<\/a><\/p>\n<p>Tel &amp; Fax Patras <a href=\"tel:302610521428\">26105 21428<\/a> (f\u00fcr die Wintersaison)[\/vc_column_text][vc_column_text css=&#8221;.vc_custom_1557604576246{margin-top: -24px !important;}&#8221;]<img loading=\"lazy\" decoding=\"async\" class=\"aligncenter wp-image-1429\" src=\"http:\/\/aktirooms.com\/wp-content\/uploads\/2019\/03\/family3.png\" alt=\"\" width=\"290\" height=\"142\" srcset=\"https:\/\/aktirooms.com\/wp-content\/uploads\/2019\/03\/family3.png 578w, https:\/\/aktirooms.com\/wp-content\/uploads\/2019\/03\/family3-300x147.png 300w\" sizes=\"auto, (max-width: 290px) 100vw, 290px\" \/>[\/vc_column_text][\/vc_column][\/vc_row][vc_row][vc_column][vc_empty_space height=&#8221;50px&#8221;][\/vc_column][\/vc_row][vc_row full_width=&#8221;stretch_row&#8221; shadow_x_offset=&#8221;0&#8243; shadow_y_offset=&#8221;0&#8243; shadow_blur=&#8221;0&#8243; shadow_spread=&#8221;0&#8243; shadow_color=&#8221;&#8221; css=&#8221;.vc_custom_1553974580808{background-color: #f9f9f9 !important;}&#8221;][vc_column][vc_empty_space height=&#8221;52px&#8221;][vc_custom_heading text=&#8221;ORT&#8221; font_container=&#8221;tag:h2|font_size:50|text_align:center&#8221; link=&#8221;url:%23location|||&#8221; el_id=&#8221;location&#8221;][vc_zigzag el_width=&#8221;30&#8243;][vc_empty_space height=&#8221;52px&#8221;][\/vc_column][\/vc_row][vc_row full_width=&#8221;stretch_row&#8221; shadow_x_offset=&#8221;0&#8243; shadow_y_offset=&#8221;0&#8243; shadow_blur=&#8221;0&#8243; shadow_spread=&#8221;0&#8243; shadow_color=&#8221;&#8221; css=&#8221;.vc_custom_1553974564311{background-color: #f9f9f9 !important;}&#8221;][vc_column width=&#8221;1\/2&#8243;][vc_custom_heading text=&#8221;Entfernungen&#8221;][vc_separator align=&#8221;align_left&#8221; el_width=&#8221;50&#8243;][vc_column_text]<\/p>\n<p style=\"font-size: 18px; line-height: 27px;\"><i class=\"fa fa-check\"><\/i> N\u00e4chster Strand &#8211; 10m<br \/>\n<i class=\"fa fa-check\"><\/i> N\u00e4chstes Restaurant &#8211; 650m<br \/>\n<i class=\"fa fa-check\"><\/i> Die n\u00e4chsten Gesch\u00e4fte &#8211; 300m<br \/>\n<i class=\"fa fa-check\"><\/i> Sitia &#8211; 47 km<br \/>\n<i class=\"fa fa-check\"><\/i> Flughafen Heraklion &#8211; Hafen (160 km)<br \/>\n<i class=\"fa fa-check\"><\/i> Flughafen Chania &#8211; 310 km<br \/>\n<i class=\"fa fa-check\"><\/i> Ziros &#8211; 19 km<br \/>\n<i class=\"fa fa-check\"><\/i> Zakros \/ Strand &#8211; 19 km<br \/>\n<i class=\"fa fa-check\"><\/i> Palekastro &#8211; 30 km<br \/>\n<i class=\"fa fa-check\"><\/i> Heiliges Kloster von Toplou &#8211; 38 km<br \/>\n<i class=\"fa fa-check\"><\/i> Makrigialos Village \/ Beach &#8211; 42 km<br \/>\n<i class=\"fa fa-check\"><\/i> Ierapetra &#8211; 67 km<br \/>\n<i class=\"fa fa-check\"><\/i> Agios Nikolaos &#8211; 103 km[\/vc_column_text][vc_empty_space][\/vc_column][vc_column width=&#8221;1\/2&#8243;][vc_custom_heading text=&#8221;Wie kommt man&#8221; font_container=&#8221;tag:h2|text_align:center&#8221; link=&#8221;|||&#8221;][vc_separator el_width=&#8221;50&#8243;][vc_column_text]<strong>Um von Heraklion nach Xerokampos zu gelangen, f\u00fchrt der k\u00fcrzeste Weg \u00fcber Ierapetra. Nachdem Sie Agios Nikolaos passiert und Pachia Ammos erreicht haben, biegen Sie rechts in Ierapetra ab. Kurz vor dem Eingang von Ierapetra biegen Sie in Sitia links ab. Sie kommen an Makrigialos und dem Dorf Lithines vorbei. Dann erreichen Sie Papagiannades, wo es schlie\u00dft. Biegen Sie rechts ab in Richtung Armenous, Chandras, Ziros.<\/strong><\/p>\n<p>&nbsp;<\/p>\n<p><strong>Mit dem Flugzeug<\/strong><br \/>\nVon Mai bis Mitte Oktober gibt es direkte Charterfl\u00fcge nach Sitia (47 km) und h\u00e4ufiger in die Hauptstadt Heraklion (160 km).<\/p>\n<p><strong>Mit dem Schiff<br \/>\n<\/strong>Eine gute M\u00f6glichkeit, Ihre Reise nach Kreta zu genie\u00dfen, besteht darin, nach Athen zu fliegen und die F\u00e4hre von Pir\u00e4us zu nehmen &#8211; dem Hafen, der Athen bedient.<\/p>\n<p>Eine weitere romantische Art, vom Hafen von Pir\u00e4us zum Hafen von Heraklion (165 km) zu reisen.<\/p>\n<p><strong>Mit dem Auto<\/strong><br \/>\nWenn Sie die Gegend erkunden m\u00f6chten, w\u00e4hrend Sie hier sind, empfehlen wir Ihnen, ein Auto zu mieten. Andere Transportmittel sind begrenzt und \/ oder selten.[\/vc_column_text][vc_empty_space][\/vc_column][\/vc_row][vc_row full_width=&#8221;stretch_row_content_no_spaces&#8221; shadow_x_offset=&#8221;0&#8243; shadow_y_offset=&#8221;0&#8243; shadow_blur=&#8221;0&#8243; shadow_spread=&#8221;0&#8243; shadow_color=&#8221;&#8221; css=&#8221;.vc_custom_1553953944671{margin-bottom: -100px !important;}&#8221;][vc_column][vc_column_text]<iframe loading=\"lazy\" style=\"border: 0;\" src=\"https:\/\/www.google.com\/maps\/embed?pb=!1m18!1m12!1m3!1d4028.173751971516!2d26.219632815558374!3d35.03731827262212!2m3!1f0!2f0!3f0!3m2!1i1024!2i768!4f13.1!3m3!1m2!1s0x1490f785a1af279b%3A0x871e352952f9b21e!2sAkti+Rooms+Xerokampos+Crete!5e1!3m2!1sen!2sgr!4v1553899061877!5m2!1sen!2sgr\" width=\"1920\" height=\"600\" frameborder=\"0\" allowfullscreen=\"allowfullscreen\"><\/iframe>[\/vc_column_text][\/vc_column][\/vc_row][vc_row full_width=&#8221;stretch_row&#8221; shadow_x_offset=&#8221;0&#8243; shadow_y_offset=&#8221;0&#8243; shadow_blur=&#8221;0&#8243; shadow_spread=&#8221;0&#8243; shadow_color=&#8221;&#8221; css=&#8221;.vc_custom_1553950323751{margin-bottom: -70px !important;background-image: url(http:\/\/aktirooms.com\/wp-content\/uploads\/2019\/03\/bg-seamagic.jpg?id=1176) !important;}&#8221;][vc_column][vc_empty_space height=&#8221;300px&#8221;][\/vc_column][\/vc_row]<\/p>\n","protected":false},"excerpt":{"rendered":"<p>[vc_row shadow_x_offset=&#8221;0&#8243; shadow_y_offset=&#8221;0&#8243; shadow_blur=&#8221;0&#8243; shadow_spread=&#8221;0&#8243; shadow_color=&#8221;&#8221; css=&#8221;.vc_custom_1553973790654{padding-top: 20px !important;}&#8221;][vc_column shadow_x_offset=&#8221;0&#8243; shadow_y_offset=&#8221;0&#8243; shadow_blur=&#8221;0&#8243; shadow_spread=&#8221;0&#8243; shadow_color=&#8221;&#8221; offset=&#8221;vc_col-lg-8 vc_col-md-8&#8243;][vc_custom_heading text=&#8221;Kontaktiere uns&#8221; font_container=&#8221;tag:h3|text_align:left&#8221;][vc_column_text] Z\u00f6gern Sie nicht, uns zu kontaktieren, wenn Sie weitere Informationen ben\u00f6tigen. Wir helfen Ihnen gerne weiter. Danke f\u00fcr dein Interesse. [\/vc_column_text][vc_column_text][\/vc_column_text][\/vc_column][vc_column shadow_x_offset=&#8221;0&#8243; shadow_y_offset=&#8221;0&#8243; shadow_blur=&#8221;0&#8243; shadow_spread=&#8221;0&#8243; offset=&#8221;vc_col-lg-4 vc_col-md-4&#8243;][vc_custom_heading text=&#8221;Kontaktinformation&#8221; font_container=&#8221;tag:h3|text_align:left&#8221;][vc_column_text]Xerokampos Ziros Sitia Lassithi Kreta Hellas aktirooms@gmail.com Tel. [&hellip;]<\/p>\n","protected":false},"author":1,"featured_media":0,"parent":0,"menu_order":0,"comment_status":"closed","ping_status":"closed","template":"","meta":{"footnotes":""},"yst_prominent_words":[192,186,182,179,193,187,183,180,188,184,189,150,191,185,181,178,190,153,152,151],"class_list":["post-1861","page","type-page","status-publish","hentry"],"_links":{"self":[{"href":"https:\/\/aktirooms.com\/de\/wp-json\/wp\/v2\/pages\/1861","targetHints":{"allow":["GET"]}}],"collection":[{"href":"https:\/\/aktirooms.com\/de\/wp-json\/wp\/v2\/pages"}],"about":[{"href":"https:\/\/aktirooms.com\/de\/wp-json\/wp\/v2\/types\/page"}],"author":[{"embeddable":true,"href":"https:\/\/aktirooms.com\/de\/wp-json\/wp\/v2\/users\/1"}],"replies":[{"embeddable":true,"href":"https:\/\/aktirooms.com\/de\/wp-json\/wp\/v2\/comments?post=1861"}],"version-history":[{"count":7,"href":"https:\/\/aktirooms.com\/de\/wp-json\/wp\/v2\/pages\/1861\/revisions"}],"predecessor-version":[{"id":2075,"href":"https:\/\/aktirooms.com\/de\/wp-json\/wp\/v2\/pages\/1861\/revisions\/2075"}],"wp:attachment":[{"href":"https:\/\/aktirooms.com\/de\/wp-json\/wp\/v2\/media?parent=1861"}],"wp:term":[{"taxonomy":"yst_prominent_words","embeddable":true,"href":"https:\/\/aktirooms.com\/de\/wp-json\/wp\/v2\/yst_prominent_words?post=1861"}],"curies":[{"name":"wp","href":"https:\/\/api.w.org\/{rel}","templated":true}]}}