{"id":1855,"date":"2018-06-04T16:05:39","date_gmt":"2018-06-04T16:05:39","guid":{"rendered":"https:\/\/aktirooms.com\/about\/"},"modified":"2021-06-11T15:20:37","modified_gmt":"2021-06-11T15:20:37","slug":"about","status":"publish","type":"page","link":"https:\/\/aktirooms.com\/de\/about\/","title":{"rendered":"Profil"},"content":{"rendered":"<p>[vc_row shadow_x_offset=&#8221;0&#8243; shadow_y_offset=&#8221;0&#8243; shadow_blur=&#8221;0&#8243; shadow_spread=&#8221;0&#8243; shadow_color=&#8221;&#8221;][vc_column][stm_spacer height=&#8221;40&#8243; height_tablet=&#8221;30&#8243; height_mobile=&#8221;20&#8243;][\/vc_column][\/vc_row][vc_row equal_height=&#8221;yes&#8221; content_placement=&#8221;middle&#8221; shadow_x_offset=&#8221;0&#8243; shadow_y_offset=&#8221;0&#8243; shadow_blur=&#8221;0&#8243; shadow_spread=&#8221;0&#8243;][vc_column width=&#8221;1\/3&#8243;][vc_custom_heading text=&#8221;Akti Rooms!<br \/>\nGenau das, was Sie brauchen.&#8221; font_container=&#8221;tag:h3|text_align:center&#8221; use_theme_fonts=&#8221;yes&#8221;][\/vc_column][vc_column width=&#8221;2\/3&#8243;][vc_column_text]Der Komplex in Xerokambos Sitia besteht aus drei Doppeldecker-Geb\u00e4uden und verf\u00fcgt \u00fcber insgesamt zw\u00f6lf voll <strong>m\u00f6blierte Wohnungen<\/strong> verschiedener Arten, die von 2 bis 5 Personen Platz bieten k\u00f6nnen. Alle Apartments verf\u00fcgen \u00fcber einen eigenen Balkon und einen spektakul\u00e4ren Blick \u00fcber das Libysche Meer, den Golf von Amatou und die Inseln Kavali.<\/p>\n<p>In der Renovierung von 2020 wurden Verbesserungen in den Innen- und Au\u00dfenbereichen des Komplexes vorgenommen, um die \u00c4sthetik, den Komfort und die Funktionalit\u00e4t zu verbessern.<\/p>\n<p>Genie\u00dfen Sie Ihren Urlaub in <strong>Xerokampos<\/strong> und in Akti Rooms.[\/vc_column_text][\/vc_column][\/vc_row][vc_row][vc_column][stm_spacer height=&#8221;80&#8243; height_tablet=&#8221;50&#8243; height_mobile=&#8221;30&#8243;][\/vc_column][\/vc_row][vc_row][vc_column width=&#8221;1\/3&#8243;][vc_single_image image=&#8221;1184&#8243; img_size=&#8221;370&#215;450&#8243; alignment=&#8221;center&#8221; css_animation=&#8221;none&#8221;][stm_spacer height=&#8221;30&#8243; height_tablet=&#8221;20&#8243; height_mobile=&#8221;10&#8243;][\/vc_column][vc_column width=&#8221;1\/3&#8243;][vc_single_image image=&#8221;1183&#8243; img_size=&#8221;370&#215;450&#8243; alignment=&#8221;center&#8221;][stm_spacer height=&#8221;30&#8243; height_tablet=&#8221;20&#8243; height_mobile=&#8221;10&#8243;][\/vc_column][vc_column width=&#8221;1\/3&#8243;][vc_single_image image=&#8221;1182&#8243; img_size=&#8221;370&#215;450&#8243; alignment=&#8221;center&#8221;][stm_spacer height=&#8221;30&#8243; height_tablet=&#8221;20&#8243; height_mobile=&#8221;10&#8243;][\/vc_column][\/vc_row][vc_row][vc_column][stm_spacer height=&#8221;40&#8243; height_tablet=&#8221;30&#8243; height_mobile=&#8221;20&#8243;][\/vc_column][\/vc_row][vc_row full_width=&#8221;stretch_row&#8221; stm_parallax=&#8221;enable&#8221; shadow_x_offset=&#8221;0&#8243; shadow_y_offset=&#8221;0&#8243; shadow_blur=&#8221;0&#8243; shadow_spread=&#8221;0&#8243; shadow_color=&#8221;&#8221; css=&#8221;.vc_custom_1553894235264{margin-bottom: -60px !important;background-image: url(http:\/\/aktirooms.com\/wp-content\/uploads\/2019\/03\/sitia-town.jpg?id=1207) !important;}&#8221; stm_transparent_bg=&#8221;rgba(17,17,17,0.5)&#8221;][vc_column css_animation=&#8221;none&#8221; shadow_x_offset=&#8221;0&#8243; shadow_y_offset=&#8221;0&#8243; shadow_blur=&#8221;0&#8243; shadow_spread=&#8221;0&#8243; shadow_color=&#8221;&#8221; offset=&#8221;vc_col-lg-offset-2 vc_col-lg-8 vc_col-md-offset-2 vc_col-md-8 vc_col-xs-12&#8243;][stm_spacer height=&#8221;180&#8243; height_tablet=&#8221;120&#8243; height_mobile=&#8221;70&#8243;][vc_custom_heading text=&#8221;Buchen Sie noch heute Ihre Wohnung!&#8221; font_container=&#8221;tag:h3|font_size:60|text_align:center|color:%23ffffff|line_height:80px&#8221; use_theme_fonts=&#8221;yes&#8221; css=&#8221;.vc_custom_1623142983802{margin-bottom: 30px !important;}&#8221;][vc_column_text css=&#8221;.vc_custom_1623143022122{margin-bottom: 40px !important;}&#8221;]<\/p>\n<p style=\"text-align: center; font-size: 18px; line-height: 30px; font-weight: normal;\"><span style=\"color: #ffffff;\">Buchen Sie Akti Zimmer in Xerokampos Sitia und genie\u00dfen Sie die erholsamsten und ruhigsten Ferien!<\/span><\/p>\n<p>[\/vc_column_text][stm_button button_pos=&#8221;center&#8221; button_border_color_hover=&#8221;#b55b02&#8243; button_bg_color_hover=&#8221;rgba(0,0,0,0.01)&#8221; link=&#8221;url:https%3A%2F%2Faktirooms.com%2Fde%2Fcontact%2F|title:Kontakt||&#8221;][stm_spacer height=&#8221;160&#8243; height_tablet=&#8221;130&#8243; height_mobile=&#8221;70&#8243;][\/vc_column][\/vc_row]<\/p>\n","protected":false},"excerpt":{"rendered":"<p>[vc_row shadow_x_offset=&#8221;0&#8243; shadow_y_offset=&#8221;0&#8243; shadow_blur=&#8221;0&#8243; shadow_spread=&#8221;0&#8243; shadow_color=&#8221;&#8221;][vc_column][stm_spacer height=&#8221;40&#8243; height_tablet=&#8221;30&#8243; height_mobile=&#8221;20&#8243;][\/vc_column][\/vc_row][vc_row equal_height=&#8221;yes&#8221; content_placement=&#8221;middle&#8221; shadow_x_offset=&#8221;0&#8243; shadow_y_offset=&#8221;0&#8243; shadow_blur=&#8221;0&#8243; shadow_spread=&#8221;0&#8243;][vc_column width=&#8221;1\/3&#8243;][vc_custom_heading text=&#8221;Akti Rooms! Genau das, was Sie brauchen.&#8221; font_container=&#8221;tag:h3|text_align:center&#8221; use_theme_fonts=&#8221;yes&#8221;][\/vc_column][vc_column width=&#8221;2\/3&#8243;][vc_column_text]Der Komplex in Xerokambos Sitia besteht aus drei Doppeldecker-Geb\u00e4uden und verf\u00fcgt \u00fcber insgesamt zw\u00f6lf voll m\u00f6blierte Wohnungen verschiedener Arten, die von 2 bis 5 Personen Platz bieten k\u00f6nnen. Alle Apartments [&hellip;]<\/p>\n","protected":false},"author":1,"featured_media":0,"parent":0,"menu_order":0,"comment_status":"closed","ping_status":"closed","template":"","meta":{"footnotes":""},"yst_prominent_words":[],"class_list":["post-1855","page","type-page","status-publish","hentry"],"_links":{"self":[{"href":"https:\/\/aktirooms.com\/de\/wp-json\/wp\/v2\/pages\/1855","targetHints":{"allow":["GET"]}}],"collection":[{"href":"https:\/\/aktirooms.com\/de\/wp-json\/wp\/v2\/pages"}],"about":[{"href":"https:\/\/aktirooms.com\/de\/wp-json\/wp\/v2\/types\/page"}],"author":[{"embeddable":true,"href":"https:\/\/aktirooms.com\/de\/wp-json\/wp\/v2\/users\/1"}],"replies":[{"embeddable":true,"href":"https:\/\/aktirooms.com\/de\/wp-json\/wp\/v2\/comments?post=1855"}],"version-history":[{"count":7,"href":"https:\/\/aktirooms.com\/de\/wp-json\/wp\/v2\/pages\/1855\/revisions"}],"predecessor-version":[{"id":2060,"href":"https:\/\/aktirooms.com\/de\/wp-json\/wp\/v2\/pages\/1855\/revisions\/2060"}],"wp:attachment":[{"href":"https:\/\/aktirooms.com\/de\/wp-json\/wp\/v2\/media?parent=1855"}],"wp:term":[{"taxonomy":"yst_prominent_words","embeddable":true,"href":"https:\/\/aktirooms.com\/de\/wp-json\/wp\/v2\/yst_prominent_words?post=1855"}],"curies":[{"name":"wp","href":"https:\/\/api.w.org\/{rel}","templated":true}]}}